{"id":9,"date":"2022-04-06T11:37:27","date_gmt":"2022-04-06T11:37:27","guid":{"rendered":"http:\/\/localhost\/unioun\/?page_id=7"},"modified":"2025-10-23T21:35:17","modified_gmt":"2025-10-23T21:35:17","slug":"association","status":"publish","type":"page","link":"https:\/\/unioun.lu\/wordpress\/index.php\/association\/","title":{"rendered":"Association"},"content":{"rendered":"\t\t<div data-elementor-type=\"wp-page\" data-elementor-id=\"9\" class=\"elementor elementor-9\">\n\t\t\t\t\t\t<section class=\"elementor-section elementor-top-section elementor-element elementor-element-79c727bd elementor-section-boxed elementor-section-height-default elementor-section-height-default\" data-id=\"79c727bd\" data-element_type=\"section\">\n\t\t\t\t\t\t<div class=\"elementor-container elementor-column-gap-default\">\n\t\t\t\t\t<div class=\"elementor-column elementor-col-100 elementor-top-column elementor-element elementor-element-78956d6d\" data-id=\"78956d6d\" data-element_type=\"column\">\n\t\t\t<div class=\"elementor-widget-wrap elementor-element-populated\">\n\t\t\t\t\t\t<div class=\"elementor-element elementor-element-4e73e34c elementor-widget elementor-widget-text-editor\" data-id=\"4e73e34c\" data-element_type=\"widget\" data-widget_type=\"text-editor.default\">\n\t\t\t\t<div class=\"elementor-widget-container\">\n\t\t\t\t\t\t\t\t\t\n<p class=\"has-medium-font-size\">D&#8217;UNIOUN ass eng Gesellschaft ouni Gew\u00ebnnzweck, ageschriwwen am Registre de commerce mam Numm <strong>Amicale de l\u2019Union des mouvements de resistance luxembourgeois A.s.b.l. &#8211; F3361<\/strong><\/p>\n\n<p class=\"has-medium-font-size\">Si\u00e8ge: 57, boulevard de la P\u00e9trusse, L-2320 L\u00ebtzebuerg<br \/>Forme juridique: Association sans but lucratif<\/p>\n<hr class=\"wp-block-separator\" \/>\n<p class=\"has-medium-font-size\">&gt;\u00a0<a href=\"https:\/\/unioun.lu\/wordpress\/index.php\/historique\/\" data-type=\"page\" data-id=\"53\">Historique<\/a>,\u00a0<a href=\"https:\/\/unioun.lu\/wordpress\/index.php\/statuts\/\" data-type=\"page\" data-id=\"72\">Statuten<\/a>,\u00a0<a href=\"https:\/\/unioun.lu\/wordpress\/index.php\/conseil-dadministration\/\" data-type=\"page\" data-id=\"73\">Conseil d&#8217;administration<\/a>,\u00a0<a href=\"https:\/\/unioun.lu\/wordpress\/index.php\/archives\/\" data-type=\"page\" data-id=\"74\">Archiven<\/a><\/p>\n\t\t\t\t\t\t\t\t<\/div>\n\t\t\t\t<\/div>\n\t\t\t\t\t<\/div>\n\t\t<\/div>\n\t\t\t\t\t<\/div>\n\t\t<\/section>\n\t\t\t\t<\/div>\n\t\t","protected":false},"excerpt":{"rendered":"<p>D&#8217;UNIOUN ass eng Gesellschaft ouni Gew\u00ebnnzweck, ageschriwwen am Registre de commerce mam Numm Amicale de l\u2019Union des mouvements de resistance luxembourgeois A.s.b.l. &#8211; F3361 Si\u00e8ge: 57, boulevard de la P\u00e9trusse, L-2320 L\u00ebtzebuergForme juridique: Association sans but lucratif &gt;\u00a0Historique,\u00a0Statuten,\u00a0Conseil d&#8217;administration,\u00a0Archiven<\/p>\n","protected":false},"author":1,"featured_media":0,"parent":0,"menu_order":0,"comment_status":"closed","ping_status":"closed","template":"","meta":{"ocean_post_layout":"","ocean_both_sidebars_style":"","ocean_both_sidebars_content_width":0,"ocean_both_sidebars_sidebars_width":0,"ocean_sidebar":"0","ocean_second_sidebar":"0","ocean_disable_margins":"enable","ocean_add_body_class":"","ocean_shortcode_before_top_bar":"","ocean_shortcode_after_top_bar":"","ocean_shortcode_before_header":"","ocean_shortcode_after_header":"","ocean_has_shortcode":"","ocean_shortcode_after_title":"","ocean_shortcode_before_footer_widgets":"","ocean_shortcode_after_footer_widgets":"","ocean_shortcode_before_footer_bottom":"","ocean_shortcode_after_footer_bottom":"","ocean_display_top_bar":"default","ocean_display_header":"default","ocean_header_style":"","ocean_center_header_left_menu":"0","ocean_custom_header_template":"0","ocean_custom_logo":0,"ocean_custom_retina_logo":0,"ocean_custom_logo_max_width":0,"ocean_custom_logo_tablet_max_width":0,"ocean_custom_logo_mobile_max_width":0,"ocean_custom_logo_max_height":0,"ocean_custom_logo_tablet_max_height":0,"ocean_custom_logo_mobile_max_height":0,"ocean_header_custom_menu":"0","ocean_menu_typo_font_family":"0","ocean_menu_typo_font_subset":"","ocean_menu_typo_font_size":0,"ocean_menu_typo_font_size_tablet":0,"ocean_menu_typo_font_size_mobile":0,"ocean_menu_typo_font_size_unit":"px","ocean_menu_typo_font_weight":"","ocean_menu_typo_font_weight_tablet":"","ocean_menu_typo_font_weight_mobile":"","ocean_menu_typo_transform":"","ocean_menu_typo_transform_tablet":"","ocean_menu_typo_transform_mobile":"","ocean_menu_typo_line_height":0,"ocean_menu_typo_line_height_tablet":0,"ocean_menu_typo_line_height_mobile":0,"ocean_menu_typo_line_height_unit":"","ocean_menu_typo_spacing":0,"ocean_menu_typo_spacing_tablet":0,"ocean_menu_typo_spacing_mobile":0,"ocean_menu_typo_spacing_unit":"","ocean_menu_link_color":"","ocean_menu_link_color_hover":"","ocean_menu_link_color_active":"","ocean_menu_link_background":"","ocean_menu_link_hover_background":"","ocean_menu_link_active_background":"","ocean_menu_social_links_bg":"","ocean_menu_social_hover_links_bg":"","ocean_menu_social_links_color":"","ocean_menu_social_hover_links_color":"","ocean_disable_title":"default","ocean_disable_heading":"default","ocean_post_title":"","ocean_post_subheading":"","ocean_post_title_style":"","ocean_post_title_background_color":"","ocean_post_title_background":0,"ocean_post_title_bg_image_position":"","ocean_post_title_bg_image_attachment":"","ocean_post_title_bg_image_repeat":"","ocean_post_title_bg_image_size":"","ocean_post_title_height":0,"ocean_post_title_bg_overlay":0.5,"ocean_post_title_bg_overlay_color":"","ocean_disable_breadcrumbs":"default","ocean_breadcrumbs_color":"","ocean_breadcrumbs_separator_color":"","ocean_breadcrumbs_links_color":"","ocean_breadcrumbs_links_hover_color":"","ocean_display_footer_widgets":"default","ocean_display_footer_bottom":"default","ocean_custom_footer_template":"0","footnotes":""},"class_list":["post-9","page","type-page","status-publish","hentry","entry"],"jetpack_sharing_enabled":true,"_links":{"self":[{"href":"https:\/\/unioun.lu\/wordpress\/index.php\/wp-json\/wp\/v2\/pages\/9","targetHints":{"allow":["GET"]}}],"collection":[{"href":"https:\/\/unioun.lu\/wordpress\/index.php\/wp-json\/wp\/v2\/pages"}],"about":[{"href":"https:\/\/unioun.lu\/wordpress\/index.php\/wp-json\/wp\/v2\/types\/page"}],"author":[{"embeddable":true,"href":"https:\/\/unioun.lu\/wordpress\/index.php\/wp-json\/wp\/v2\/users\/1"}],"replies":[{"embeddable":true,"href":"https:\/\/unioun.lu\/wordpress\/index.php\/wp-json\/wp\/v2\/comments?post=9"}],"version-history":[{"count":7,"href":"https:\/\/unioun.lu\/wordpress\/index.php\/wp-json\/wp\/v2\/pages\/9\/revisions"}],"predecessor-version":[{"id":1945,"href":"https:\/\/unioun.lu\/wordpress\/index.php\/wp-json\/wp\/v2\/pages\/9\/revisions\/1945"}],"wp:attachment":[{"href":"https:\/\/unioun.lu\/wordpress\/index.php\/wp-json\/wp\/v2\/media?parent=9"}],"curies":[{"name":"wp","href":"https:\/\/api.w.org\/{rel}","templated":true}]}}