{"id":7,"date":"2022-03-28T19:09:26","date_gmt":"2022-03-28T19:09:26","guid":{"rendered":"http:\/\/localhost\/unioun\/?page_id=2"},"modified":"2024-11-25T17:13:24","modified_gmt":"2024-11-25T17:13:24","slug":"sample-page-2","status":"publish","type":"page","link":"https:\/\/unioun.lu\/wordpress\/index.php\/sample-page-2\/","title":{"rendered":"News"},"content":{"rendered":"<ul class=\"wp-block-latest-posts__list wp-block-latest-posts\"><li><a class=\"wp-block-latest-posts__post-title\" href=\"https:\/\/unioun.lu\/wordpress\/index.php\/2026\/05\/06\/fallen-at-home-the-story-of-philip-w-weis\/\">Fallen at home \u2014 the story of Philip W. Weis<\/a><\/li>\n<li><a class=\"wp-block-latest-posts__post-title\" href=\"https:\/\/unioun.lu\/wordpress\/index.php\/2026\/03\/26\/gedenkfeier-fir-dgrennung-vum-letzeburger-freihetsbond-den-12-maeerz-1940\/\">Gedenkfeier fir d\u2019Gr\u00ebnnung vum \u201cL\u00ebtzeburger Freih\u00e9tsbond\u201d den 12. M\u00e4erz 1940<\/a><\/li>\n<li><a class=\"wp-block-latest-posts__post-title\" href=\"https:\/\/unioun.lu\/wordpress\/index.php\/2026\/01\/12\/onsen-ausflug-vum-22-november-2025-op-houffalize-an-op-manhay-ardennes-belges-province-de-luxembourg\/\">Onsen Ausflug vum 22. November 2025 op Houffalize an op Manhay (Ardennes belges, province de Luxembourg)<\/a><\/li>\n<li><a class=\"wp-block-latest-posts__post-title\" href=\"https:\/\/unioun.lu\/wordpress\/index.php\/2025\/12\/22\/normandie-2025\/\">Normandie 2025<\/a><\/li>\n<li><a class=\"wp-block-latest-posts__post-title\" href=\"https:\/\/unioun.lu\/wordpress\/index.php\/2025\/11\/12\/walfer-bicherdeeg-2\/\">Walfer Bicherdeeg<\/a><\/li>\n<li><a class=\"wp-block-latest-posts__post-title\" href=\"https:\/\/unioun.lu\/wordpress\/index.php\/2025\/11\/12\/zwou-fuschnei-publikatioune-sinn-elo-disponibel\/\">Zwou fuschnei Publikatioune sinn elo disponibel\u00a0!<\/a><\/li>\n<li><a class=\"wp-block-latest-posts__post-title\" href=\"https:\/\/unioun.lu\/wordpress\/index.php\/2025\/10\/23\/amicale-de-l-union-des-mouvements-de-resistance-luxembourgeois\/\">Amicale de l&#8217;Union des mouvements de resistance luxembourgeois<\/a><\/li>\n<li><a class=\"wp-block-latest-posts__post-title\" href=\"https:\/\/unioun.lu\/wordpress\/index.php\/2025\/10\/03\/marie-astrid-2025\/\">Marie-Astrid 2025<\/a><\/li>\n<li><a class=\"wp-block-latest-posts__post-title\" href=\"https:\/\/unioun.lu\/wordpress\/index.php\/2025\/06\/17\/4-letzebuerger-elittezaldoten\/\">L\u00ebtzebuerger Elittezaldoten an der Normandie<\/a><\/li>\n<li><a class=\"wp-block-latest-posts__post-title\" href=\"https:\/\/unioun.lu\/wordpress\/index.php\/2024\/11\/19\/operatioun-pauly-gett-et-elo-och-op-dvd\/\">\u201cOperatioun Pauly\u201d g\u00ebtt et elo och op DVD<\/a><\/li>\n<li><a class=\"wp-block-latest-posts__post-title\" href=\"https:\/\/unioun.lu\/wordpress\/index.php\/2024\/11\/18\/walfer-bicherdeeg-2024\/\">Walfer Bicherdeeg 2024<\/a><\/li>\n<li><a class=\"wp-block-latest-posts__post-title\" href=\"https:\/\/unioun.lu\/wordpress\/index.php\/2024\/11\/01\/verschidde-beitraeg-zum-film-operatioun-pauly\/\">Verschidde Beitr\u00e4g zum Film &#8222;Operatioun Pauly&#8220;<\/a><\/li>\n<li><a class=\"wp-block-latest-posts__post-title\" href=\"https:\/\/unioun.lu\/wordpress\/index.php\/2024\/10\/28\/schraasseger-lager\/\">Schraasseger Lager 1941-1947<\/a><\/li>\n<li><a class=\"wp-block-latest-posts__post-title\" href=\"https:\/\/unioun.lu\/wordpress\/index.php\/2023\/11\/23\/walfer-bicherdeeg\/\">Walfer Bicherdeeg 2023<\/a><\/li>\n<li><a class=\"wp-block-latest-posts__post-title\" href=\"https:\/\/unioun.lu\/wordpress\/index.php\/2023\/11\/11\/assemble-generale-2023\/\">Assembl\u00e9e g\u00e9n\u00e9rale 2023<\/a><\/li>\n<li><a class=\"wp-block-latest-posts__post-title\" href=\"https:\/\/unioun.lu\/wordpress\/index.php\/2023\/08\/29\/marie-astrid-2023\/\">Marie-Astrid 2023<\/a><\/li>\n<li><a class=\"wp-block-latest-posts__post-title\" href=\"https:\/\/unioun.lu\/wordpress\/index.php\/2023\/06\/30\/gelle-fra\/\">G\u00eblle Fra<\/a><\/li>\n<li><a class=\"wp-block-latest-posts__post-title\" href=\"https:\/\/unioun.lu\/wordpress\/index.php\/2023\/06\/17\/entrevue-mam-haer-premierminister-xavier-bettel\/\">Entrevue mam H\u00e4r Premierminister Xavier Bettel<\/a><\/li>\n<li><a class=\"wp-block-latest-posts__post-title\" href=\"https:\/\/unioun.lu\/wordpress\/index.php\/2023\/05\/23\/78-jahrestag-der-befreiung-des-einstigen-ns-konzentrationslagers-buchenwald\/\">KZ Buchenwald<\/a><\/li>\n<li><a class=\"wp-block-latest-posts__post-title\" href=\"https:\/\/unioun.lu\/wordpress\/index.php\/2022\/11\/19\/neue-publikation-der-unioun\/\">Publikation der Unioun (vergriffen!)<\/a><\/li>\n<li><a class=\"wp-block-latest-posts__post-title\" href=\"https:\/\/unioun.lu\/wordpress\/index.php\/2022\/11\/05\/dunioun-eiert-eng-98jaehreg-resistentlerin\/\">D&#8217;Unioun \u00e9iert eng 98j\u00e4hreg Resistenzlerin<\/a><\/li>\n<li><a class=\"wp-block-latest-posts__post-title\" href=\"https:\/\/unioun.lu\/wordpress\/index.php\/2022\/04\/27\/dunioun-helleft-der-ukrain\/\">D&#8217;UNIOUN h\u00eblleft der Ukrain<\/a><\/li>\n<\/ul>","protected":false},"excerpt":{"rendered":"","protected":false},"author":1,"featured_media":0,"parent":0,"menu_order":0,"comment_status":"closed","ping_status":"open","template":"","meta":{"ocean_post_layout":"full-width","ocean_both_sidebars_style":"","ocean_both_sidebars_content_width":0,"ocean_both_sidebars_sidebars_width":0,"ocean_sidebar":"0","ocean_second_sidebar":"0","ocean_disable_margins":"enable","ocean_add_body_class":"","ocean_shortcode_before_top_bar":"","ocean_shortcode_after_top_bar":"","ocean_shortcode_before_header":"","ocean_shortcode_after_header":"","ocean_has_shortcode":"","ocean_shortcode_after_title":"","ocean_shortcode_before_footer_widgets":"","ocean_shortcode_after_footer_widgets":"","ocean_shortcode_before_footer_bottom":"","ocean_shortcode_after_footer_bottom":"","ocean_display_top_bar":"default","ocean_display_header":"default","ocean_header_style":"","ocean_center_header_left_menu":"0","ocean_custom_header_template":"0","ocean_custom_logo":0,"ocean_custom_retina_logo":0,"ocean_custom_logo_max_width":0,"ocean_custom_logo_tablet_max_width":0,"ocean_custom_logo_mobile_max_width":0,"ocean_custom_logo_max_height":0,"ocean_custom_logo_tablet_max_height":0,"ocean_custom_logo_mobile_max_height":0,"ocean_header_custom_menu":"0","ocean_menu_typo_font_family":"0","ocean_menu_typo_font_subset":"","ocean_menu_typo_font_size":0,"ocean_menu_typo_font_size_tablet":0,"ocean_menu_typo_font_size_mobile":0,"ocean_menu_typo_font_size_unit":"px","ocean_menu_typo_font_weight":"","ocean_menu_typo_font_weight_tablet":"","ocean_menu_typo_font_weight_mobile":"","ocean_menu_typo_transform":"","ocean_menu_typo_transform_tablet":"","ocean_menu_typo_transform_mobile":"","ocean_menu_typo_line_height":0,"ocean_menu_typo_line_height_tablet":0,"ocean_menu_typo_line_height_mobile":0,"ocean_menu_typo_line_height_unit":"","ocean_menu_typo_spacing":0,"ocean_menu_typo_spacing_tablet":0,"ocean_menu_typo_spacing_mobile":0,"ocean_menu_typo_spacing_unit":"","ocean_menu_link_color":"","ocean_menu_link_color_hover":"","ocean_menu_link_color_active":"","ocean_menu_link_background":"","ocean_menu_link_hover_background":"","ocean_menu_link_active_background":"","ocean_menu_social_links_bg":"","ocean_menu_social_hover_links_bg":"","ocean_menu_social_links_color":"","ocean_menu_social_hover_links_color":"","ocean_disable_title":"default","ocean_disable_heading":"enable","ocean_post_title":"Aktuell Beitr\u00e4g","ocean_post_subheading":"","ocean_post_title_style":"","ocean_post_title_background_color":"","ocean_post_title_background":0,"ocean_post_title_bg_image_position":"","ocean_post_title_bg_image_attachment":"","ocean_post_title_bg_image_repeat":"","ocean_post_title_bg_image_size":"","ocean_post_title_height":0,"ocean_post_title_bg_overlay":0.5,"ocean_post_title_bg_overlay_color":"","ocean_disable_breadcrumbs":"off","ocean_breadcrumbs_color":"","ocean_breadcrumbs_separator_color":"","ocean_breadcrumbs_links_color":"","ocean_breadcrumbs_links_hover_color":"","ocean_display_footer_widgets":"default","ocean_display_footer_bottom":"default","ocean_custom_footer_template":"0","footnotes":""},"class_list":["post-7","page","type-page","status-publish","hentry","entry"],"jetpack_sharing_enabled":true,"_links":{"self":[{"href":"https:\/\/unioun.lu\/wordpress\/index.php\/wp-json\/wp\/v2\/pages\/7","targetHints":{"allow":["GET"]}}],"collection":[{"href":"https:\/\/unioun.lu\/wordpress\/index.php\/wp-json\/wp\/v2\/pages"}],"about":[{"href":"https:\/\/unioun.lu\/wordpress\/index.php\/wp-json\/wp\/v2\/types\/page"}],"author":[{"embeddable":true,"href":"https:\/\/unioun.lu\/wordpress\/index.php\/wp-json\/wp\/v2\/users\/1"}],"replies":[{"embeddable":true,"href":"https:\/\/unioun.lu\/wordpress\/index.php\/wp-json\/wp\/v2\/comments?post=7"}],"version-history":[{"count":7,"href":"https:\/\/unioun.lu\/wordpress\/index.php\/wp-json\/wp\/v2\/pages\/7\/revisions"}],"predecessor-version":[{"id":1636,"href":"https:\/\/unioun.lu\/wordpress\/index.php\/wp-json\/wp\/v2\/pages\/7\/revisions\/1636"}],"wp:attachment":[{"href":"https:\/\/unioun.lu\/wordpress\/index.php\/wp-json\/wp\/v2\/media?parent=7"}],"curies":[{"name":"wp","href":"https:\/\/api.w.org\/{rel}","templated":true}]}}