{"id":60,"date":"2022-04-06T12:03:46","date_gmt":"2022-04-06T12:03:46","guid":{"rendered":"http:\/\/localhost\/unioun\/?page_id=60"},"modified":"2023-11-02T11:21:11","modified_gmt":"2023-11-02T11:21:11","slug":"documents","status":"publish","type":"page","link":"https:\/\/unioun.lu\/wordpress\/index.php\/documents\/","title":{"rendered":"Documents"},"content":{"rendered":"\n<ul class=\"wp-block-list\">\n<li class=\"has-medium-font-size\">1944 Proklamatioun um Gr\u00ebnnungsdag (<a rel=\"noreferrer noopener\" href=\"https:\/\/unioun.lu\/resources\/Unioun-Proklamatioun.jpg\" target=\"_blank\">PDF<\/a>)<\/li>\n\n\n\n<li class=\"has-medium-font-size\">1944 August: Zeidung &#8222;Fir Freih\u00e9t&#8220; No 1\/02 (<a href=\"https:\/\/unioun.lu\/wordpress\/wp-content\/uploads\/2023\/10\/Fir-Freihet_0102.pdf\" data-type=\"page\" data-id=\"60\">PDF<\/a>)<\/li>\n\n\n\n<li class=\"has-medium-font-size\">1944 Proklamatioun un d&#8217;Vollek (<a rel=\"noreferrer noopener\" href=\"https:\/\/unioun.lu\/resources\/440912_Proklamatioun_1.pdf\" target=\"_blank\">PDF<\/a>)<\/li>\n\n\n\n<li class=\"has-medium-font-size\">1944 Proklamatioun Ausnamezoustand (<a href=\"https:\/\/unioun.lu\/resources\/440912_Proklamatioun_2.pdf\" rel=\"noreferrer noopener\" target=\"_blank\">PDF<\/a>)<\/li>\n\n\n\n<li class=\"has-medium-font-size\">1945 Programm vun der&nbsp;<em>Unio&#8217;n (W\u00e9&#8216; mir d&#8217;H\u00eamecht opbaue w\u00f6llen)&nbsp;<\/em>(<a href=\"https:\/\/unioun.lu\/resources\/Programm-Unio'n.pdf\" rel=\"noreferrer noopener\" target=\"_blank\">PDF<\/a>)<\/li>\n\n\n\n<li class=\"has-medium-font-size\">1945(?) Miliz (<em>Opruff un d&#8217;L\u00ebtzebuerger Vollek<\/em>) (<a href=\"https:\/\/unioun.lu\/resources\/UNIOUN_Opruff.pdf\" rel=\"noreferrer noopener\" target=\"_blank\">PDF<\/a>)<\/li>\n\n\n\n<li class=\"has-medium-font-size\">1946 Statuten 1946 (<a href=\"https:\/\/unioun.lu\/resources\/Statuten-1946.pdf\" rel=\"noreferrer noopener\" target=\"_blank\">PDF<\/a>)<\/li>\n\n\n\n<li class=\"has-medium-font-size\">1947 Croix de l&#8217;Ordre de la R\u00e9sistance 1940-1944 (<a href=\"https:\/\/unioun.lu\/resources\/Croix-pour-l'Unioun.jpg\" target=\"_blank\" rel=\"noreferrer noopener\">JPG<\/a>)<\/li>\n\n\n\n<li class=\"has-medium-font-size\">1949 Statuten\u00e4nnerung (<a href=\"https:\/\/unioun.lu\/resources\/Statuten-1949,-.pdf\" rel=\"noreferrer noopener\" target=\"_blank\">PDF<\/a>)<\/li>\n\n\n\n<li class=\"has-medium-font-size\">1976 Statuten\u00e4nnerung (<a href=\"https:\/\/unioun.lu\/resources\/Statuten-1976.pdf\" rel=\"noreferrer noopener\" target=\"_blank\">PDF<\/a>)<\/li>\n\n\n\n<li class=\"has-medium-font-size\">1979 Brosch\u00fcr vum 35. Anniversaire (<a href=\"https:\/\/unioun.lu\/resources\/UNIOUN_35e-anniversaire_brochure_192.pdf\" rel=\"noreferrer noopener\" target=\"_blank\">PDF<\/a>)<\/li>\n\n\n\n<li class=\"has-medium-font-size\">1994 Statuten\u00e4nnerung<\/li>\n\n\n\n<li class=\"has-medium-font-size\">1994 Brosch\u00fcr vum 50. Anniversaire (<a href=\"https:\/\/unioun.lu\/resources\/UNIOUN_50e-Anniversaire.pdf\" rel=\"noreferrer noopener\" target=\"_blank\">PDF<\/a>)<\/li>\n\n\n\n<li class=\"has-medium-font-size\">1998 Statuten\u00e4nnerung<\/li>\n\n\n\n<li class=\"has-medium-font-size\">Inhaltsverzeechnes vum P\u00e9riodique vun der L\u00ebtzebuerger Organis\u00e9ierter Resistenz N\u00b079 -106 <a href=\"https:\/\/unioun.lu\/wordpress\/wp-content\/uploads\/2023\/01\/Inhaltsverzeechnes-vum-Periodique-vun-der-Letzebuerger-Organiseierter-Resistenz-N\u00b079-106.pdf\">(PDF)<\/a><\/li>\n\n\n\n<li class=\"has-medium-font-size\">Inhaltsverzeechnes vum P\u00e9riodique vun der L\u00ebtzebuerger Organis\u00e9ierter Resistenz N\u00b0107 &#8211; 136 <a href=\"https:\/\/unioun.lu\/wordpress\/wp-content\/uploads\/2023\/01\/Inhaltsverzeechnes-vum-Periodique-vun-der-Letzebuerger-Organiseierter-Resistenz-N\u00b0107-136.pdf\">(PDF)<\/a><\/li>\n\n\n\n<li class=\"has-medium-font-size\">Inhaltsverzeechnes vum P\u00e9riodique vun der L\u00ebtzebuerger Organis\u00e9ierter Resistenz N\u00b0137 &#8211; 180 <a href=\"https:\/\/unioun.lu\/wordpress\/wp-content\/uploads\/2023\/01\/Inhaltsverzeechnes-vum-Periodique-vun-der-Letzebuerger-Organiseierter-Resistenz-N\u00b0137-180.pdf\">(PDF)<\/a><\/li>\n\n\n\n<li class=\"has-medium-font-size\">Inhaltsverzeechnes vum P\u00e9riodique vun der L\u00ebtzebuerger Organis\u00e9ierter Resistenz N\u00b0181 &#8211; 190 <a href=\"https:\/\/unioun.lu\/wordpress\/wp-content\/uploads\/2023\/01\/Inhaltsverzeechnes-vum-Periodique-vun-der-Letzebuerger-Organiseierter-Resistenz-N\u00b0181-190.pdf\">(PDF)<\/a><\/li>\n\n\n\n<li class=\"has-medium-font-size\">Inhaltsverzeechnes vum P\u00e9riodique vun der L\u00ebtzebuerger Organis\u00e9ierter Resistenz N\u00b01 &#8211; 24 <a href=\"https:\/\/unioun.lu\/wordpress\/wp-content\/uploads\/2023\/01\/Inhaltsverzeechnes-vum-Periodique-vun-der-Letzebuerger-Organiseierter-Resistenz-N\u00b01-24.pdf\">(PDF)<\/a><\/li>\n\n\n\n<li class=\"has-medium-font-size\">Inhaltsverzeechnes vum P\u00e9riodique vun der L\u00ebtzebuerger Organis\u00e9ierter Resistenz N\u00b025 &#8211; 42 <a href=\"https:\/\/unioun.lu\/wordpress\/wp-content\/uploads\/2023\/01\/Inhaltsverzeechnes-vum-Periodique-vun-der-Letzebuerger-Organiseierter-Resistenz-N\u00b025-42.pdf\">(PDF)<\/a><\/li>\n\n\n\n<li class=\"has-medium-font-size\">Inhaltsverzeechnes vum P\u00e9riodique vun der L\u00ebtzebuerger Organis\u00e9ierter Resistenz N\u00b043 &#8211; 78 <a href=\"https:\/\/unioun.lu\/wordpress\/wp-content\/uploads\/2023\/01\/Inhaltsverzeechnes-vum-Periodique-vun-der-Letzebuerger-Organiseierter-Resistenz-N\u00b043-78.pdf\">(PDF)<\/a><\/li>\n\n\n\n<li class=\"has-medium-font-size\">Monument du Souvenir (G\u00eblle Fra): 1945 Lettre Gustave Jacquemart (<a href=\"https:\/\/unioun.lu\/wordpress\/wp-content\/uploads\/2023\/06\/Gelle-Fra-1.pdf\" data-type=\"attachment\" data-id=\"1292\">PDF<\/a>)<\/li>\n\n\n\n<li class=\"has-medium-font-size\">Monument du Souvenir (G\u00eblle Fra): 1945 Lettre ing\u00e9nieur-directeur au coll\u00e8ge \u00e9chevinal (<a href=\"https:\/\/unioun.lu\/wordpress\/wp-content\/uploads\/2023\/06\/Gelle-Fra-2.pdf\" data-type=\"attachment\" data-id=\"1293\">PDF<\/a>)<\/li>\n\n\n\n<li class=\"has-medium-font-size\">Monument du Souvenir (G\u00eblle Fra): 1940 Bericht &#8211; Stadtbaudirektor (<a href=\"https:\/\/unioun.lu\/wordpress\/wp-content\/uploads\/2023\/06\/Gelle-Fra-3.pdf\" data-type=\"attachment\" data-id=\"1294\">PDF<\/a>)<\/li>\n\n\n\n<li class=\"has-medium-font-size\">Monument du Souvenir (G\u00eblle Fra): 1940 Notizen \u00fcber den Verlauf des Abbruchs &#8211; Stadarchitekt (<a href=\"https:\/\/unioun.lu\/wordpress\/wp-content\/uploads\/2023\/06\/Gelle-Fra-4.pdf\" data-type=\"attachment\" data-id=\"1295\">PDF<\/a>)<\/li>\n<\/ul>\n","protected":false},"excerpt":{"rendered":"","protected":false},"author":1,"featured_media":0,"parent":0,"menu_order":0,"comment_status":"closed","ping_status":"closed","template":"","meta":{"ocean_post_layout":"","ocean_both_sidebars_style":"","ocean_both_sidebars_content_width":0,"ocean_both_sidebars_sidebars_width":0,"ocean_sidebar":"0","ocean_second_sidebar":"0","ocean_disable_margins":"enable","ocean_add_body_class":"","ocean_shortcode_before_top_bar":"","ocean_shortcode_after_top_bar":"","ocean_shortcode_before_header":"","ocean_shortcode_after_header":"","ocean_has_shortcode":"","ocean_shortcode_after_title":"","ocean_shortcode_before_footer_widgets":"","ocean_shortcode_after_footer_widgets":"","ocean_shortcode_before_footer_bottom":"","ocean_shortcode_after_footer_bottom":"","ocean_display_top_bar":"default","ocean_display_header":"default","ocean_header_style":"","ocean_center_header_left_menu":"0","ocean_custom_header_template":"0","ocean_custom_logo":0,"ocean_custom_retina_logo":0,"ocean_custom_logo_max_width":0,"ocean_custom_logo_tablet_max_width":0,"ocean_custom_logo_mobile_max_width":0,"ocean_custom_logo_max_height":0,"ocean_custom_logo_tablet_max_height":0,"ocean_custom_logo_mobile_max_height":0,"ocean_header_custom_menu":"0","ocean_menu_typo_font_family":"0","ocean_menu_typo_font_subset":"","ocean_menu_typo_font_size":0,"ocean_menu_typo_font_size_tablet":0,"ocean_menu_typo_font_size_mobile":0,"ocean_menu_typo_font_size_unit":"px","ocean_menu_typo_font_weight":"","ocean_menu_typo_font_weight_tablet":"","ocean_menu_typo_font_weight_mobile":"","ocean_menu_typo_transform":"","ocean_menu_typo_transform_tablet":"","ocean_menu_typo_transform_mobile":"","ocean_menu_typo_line_height":0,"ocean_menu_typo_line_height_tablet":0,"ocean_menu_typo_line_height_mobile":0,"ocean_menu_typo_line_height_unit":"","ocean_menu_typo_spacing":0,"ocean_menu_typo_spacing_tablet":0,"ocean_menu_typo_spacing_mobile":0,"ocean_menu_typo_spacing_unit":"","ocean_menu_link_color":"","ocean_menu_link_color_hover":"","ocean_menu_link_color_active":"","ocean_menu_link_background":"","ocean_menu_link_hover_background":"","ocean_menu_link_active_background":"","ocean_menu_social_links_bg":"","ocean_menu_social_hover_links_bg":"","ocean_menu_social_links_color":"","ocean_menu_social_hover_links_color":"","ocean_disable_title":"default","ocean_disable_heading":"default","ocean_post_title":"","ocean_post_subheading":"","ocean_post_title_style":"","ocean_post_title_background_color":"","ocean_post_title_background":0,"ocean_post_title_bg_image_position":"","ocean_post_title_bg_image_attachment":"","ocean_post_title_bg_image_repeat":"","ocean_post_title_bg_image_size":"","ocean_post_title_height":0,"ocean_post_title_bg_overlay":0.5,"ocean_post_title_bg_overlay_color":"","ocean_disable_breadcrumbs":"default","ocean_breadcrumbs_color":"","ocean_breadcrumbs_separator_color":"","ocean_breadcrumbs_links_color":"","ocean_breadcrumbs_links_hover_color":"","ocean_display_footer_widgets":"default","ocean_display_footer_bottom":"default","ocean_custom_footer_template":"0","footnotes":""},"class_list":["post-60","page","type-page","status-publish","hentry","entry"],"jetpack_sharing_enabled":true,"_links":{"self":[{"href":"https:\/\/unioun.lu\/wordpress\/index.php\/wp-json\/wp\/v2\/pages\/60","targetHints":{"allow":["GET"]}}],"collection":[{"href":"https:\/\/unioun.lu\/wordpress\/index.php\/wp-json\/wp\/v2\/pages"}],"about":[{"href":"https:\/\/unioun.lu\/wordpress\/index.php\/wp-json\/wp\/v2\/types\/page"}],"author":[{"embeddable":true,"href":"https:\/\/unioun.lu\/wordpress\/index.php\/wp-json\/wp\/v2\/users\/1"}],"replies":[{"embeddable":true,"href":"https:\/\/unioun.lu\/wordpress\/index.php\/wp-json\/wp\/v2\/comments?post=60"}],"version-history":[{"count":14,"href":"https:\/\/unioun.lu\/wordpress\/index.php\/wp-json\/wp\/v2\/pages\/60\/revisions"}],"predecessor-version":[{"id":1382,"href":"https:\/\/unioun.lu\/wordpress\/index.php\/wp-json\/wp\/v2\/pages\/60\/revisions\/1382"}],"wp:attachment":[{"href":"https:\/\/unioun.lu\/wordpress\/index.php\/wp-json\/wp\/v2\/media?parent=60"}],"curies":[{"name":"wp","href":"https:\/\/api.w.org\/{rel}","templated":true}]}}