{"id":324,"date":"2022-05-08T09:36:26","date_gmt":"2022-05-08T09:36:26","guid":{"rendered":"https:\/\/unioun.lu\/wordpress\/?page_id=324"},"modified":"2022-05-10T09:55:24","modified_gmt":"2022-05-10T09:55:24","slug":"les-luxembourgeois-en-france","status":"publish","type":"page","link":"https:\/\/unioun.lu\/wordpress\/index.php\/les-luxembourgeois-en-france\/","title":{"rendered":"Les Luxembourgeois en France"},"content":{"rendered":"\t\t<div data-elementor-type=\"wp-page\" data-elementor-id=\"324\" class=\"elementor elementor-324\">\n\t\t\t\t\t\t<section class=\"elementor-section elementor-top-section elementor-element elementor-element-2a4da4a elementor-section-boxed elementor-section-height-default elementor-section-height-default\" data-id=\"2a4da4a\" data-element_type=\"section\">\n\t\t\t\t\t\t<div class=\"elementor-container elementor-column-gap-default\">\n\t\t\t\t\t<div class=\"elementor-column elementor-col-100 elementor-top-column elementor-element elementor-element-c6e4a12\" data-id=\"c6e4a12\" data-element_type=\"column\">\n\t\t\t<div class=\"elementor-widget-wrap elementor-element-populated\">\n\t\t\t\t\t\t<div class=\"elementor-element elementor-element-2030bc6 elementor-widget elementor-widget-heading\" data-id=\"2030bc6\" data-element_type=\"widget\" data-widget_type=\"heading.default\">\n\t\t\t\t<div class=\"elementor-widget-container\">\n\t\t\t\t\t<h2 class=\"elementor-heading-title elementor-size-default\"><span data-elementor-setting-key=\"title\" data-pen-placeholder=\"Type Here...\" style=\"overflow-wrap: break-word; outline-width: 0px; font-variant-caps: normal; font-size: 20px; font-style: normal;\"><span data-elementor-setting-key=\"title\" data-pen-placeholder=\"Type Here...\" style=\"font-variant-caps: normal; font-size: 20px; font-style: normal; overflow-wrap: break-word;\"><span data-elementor-setting-key=\"title\" data-pen-placeholder=\"Type Here...\" style=\"font-variant-caps: normal; font-size: 20px; font-style: normal; overflow-wrap: break-word;\"><span style=\"font-variant-caps: normal; font-family: Ubuntu, sans-serif; font-size: 16px; font-style: normal; font-weight: 700; caret-color: rgb(122, 121, 120); color: rgb(122, 121, 120); white-space: normal;\">Marc TROSSEN<\/span><br><\/span><span style=\"font-variant-caps: normal; font-family: Ubuntu, sans-serif; font-size: 16px; font-style: normal; font-weight: 700; caret-color: rgb(122, 121, 120); color: rgb(122, 121, 120); white-space: normal;\">Les Luxembourgeois en France de 1940 \u00e0 1945, r\u00e9sistants, r\u00e9fractaires, juifs, maquisards, d\u00e9serteurs, \u00e9migr\u00e9s, \u2026<\/span><\/span><br><span style=\"font-variant-caps: normal; font-family: Ubuntu, sans-serif; font-size: 11px; font-style: normal; caret-color: rgb(122, 121, 120); color: rgb(122, 121, 120); white-space: normal;\">Format A4, 370 S\u00e4iten, m\u00e9isproocheg (l\u00ebtzebuergesch, d\u00e4itsch a frans\u00e9isch, Imprimerie Heintz P\u00e9iteng<\/span><\/span><\/h2>\t\t\t\t<\/div>\n\t\t\t\t<\/div>\n\t\t\t\t\t<\/div>\n\t\t<\/div>\n\t\t\t\t\t<\/div>\n\t\t<\/section>\n\t\t\t\t<section class=\"elementor-section elementor-top-section elementor-element elementor-element-944b1f3 elementor-section-boxed elementor-section-height-default elementor-section-height-default\" data-id=\"944b1f3\" data-element_type=\"section\">\n\t\t\t\t\t\t<div class=\"elementor-container elementor-column-gap-default\">\n\t\t\t\t\t<div class=\"elementor-column elementor-col-100 elementor-top-column elementor-element elementor-element-073a0b6\" data-id=\"073a0b6\" data-element_type=\"column\">\n\t\t\t<div class=\"elementor-widget-wrap elementor-element-populated\">\n\t\t\t\t\t\t<div class=\"elementor-element elementor-element-0aa7717 elementor-widget elementor-widget-text-editor\" data-id=\"0aa7717\" data-element_type=\"widget\" data-widget_type=\"text-editor.default\">\n\t\t\t\t<div class=\"elementor-widget-container\">\n\t\t\t\t\t\t\t\t\t<div class=\"image-left\" style=\"margin: 10px; font-family: Ubuntu, sans-serif; font-size: 16px; font-style: normal; font-variant-caps: normal; -webkit-font-smoothing: antialiased; float: left; position: relative; caret-color: #65676f; color: #65676f;\"><img fetchpriority=\"high\" decoding=\"async\" class=\"imageStyle alignleft\" style=\"border-width: 0px; font-size: inherit; vertical-align: baseline; -webkit-font-smoothing: antialiased;\" src=\"https:\/\/unioun.lu\/styled-9\/files\/mt_book2-2.jpg\" alt=\"mt_book2\" width=\"227\" height=\"327\" \/><\/div><p style=\"margin-top: 1em; margin-bottom: 1em; font-family: Ubuntu, sans-serif; font-size: 16px; font-style: normal; font-variant-caps: normal; -webkit-font-smoothing: antialiased; caret-color: #65676f; color: #65676f;\">Vu September 1940 bis Oktober 1944 hu 600-1000 L\u00ebtzebuerger z\u00e4itweileg, oft esouguer fir e puer Joer, a Frankr\u00e4ich Schutz gesicht. \u00cbnner hinne Resistenzler, Judden, Agente vum Geheimd\u00e9ngscht, Gewerkschaftler a Politiker, ausgewise Geeschtlecher, Refrakt\u00e4ren an \u00eb s\u00ebllechen Deserteuren. Eng Rei vun hinnen hunn sech der Resistenz ugeschloss oder sinn an de frans\u00e9ische Maquis gaangen, fir bei der Befreiung vu Frankr\u00e4ich matzeh\u00ebllefen. Aneren ass et gelongen an England ze fl\u00fcchten, vu wou si de 6. Juni 1944 als Zaldoten an de Reie vun den Alli\u00e9ierten zer\u00e9ckkoumen.<br style=\"-webkit-font-smoothing: antialiased;\" \/>D\u00ebst Buch erzielt d&#8217;Geschichte vun d\u00ebse Fl\u00fcchtlingen, op der Basis vun hire pers\u00e9inleche Rapporten an den intensive Recherche vum Auteur an den Archiven.<br style=\"-webkit-font-smoothing: antialiased;\" \/>Dob\u00e4i g\u00ebtt och versicht eng \u00c4ntwert ze fannen op folgend Froen:\u00a0<br style=\"-webkit-font-smoothing: antialiased;\" \/>\u2013 W\u00e9i eng Rollen hunn d&#8217;L\u00ebtzebuerger Rout Kr\u00e4iz an di L\u00ebtzebuerger Exil-Regierung a Frankr\u00e4ich gespillt?\u00a0<br style=\"-webkit-font-smoothing: antialiased;\" \/>\u2013 Gouf et a Frankr\u00e4ich Verr\u00e9ider, fir d\u00e9i d&#8217;Land sech musse schummen?\u00a0<br style=\"-webkit-font-smoothing: antialiased;\" \/>75 Joer duerno g\u00ebtt hei versicht eng Bilanz ze z\u00e9ien!<\/p>\t\t\t\t\t\t\t\t<\/div>\n\t\t\t\t<\/div>\n\t\t\t\t\t<\/div>\n\t\t<\/div>\n\t\t\t\t\t<\/div>\n\t\t<\/section>\n\t\t\t\t<\/div>\n\t\t","protected":false},"excerpt":{"rendered":"<p>Marc TROSSENLes Luxembourgeois en France de 1940 \u00e0 1945, r\u00e9sistants, r\u00e9fractaires, juifs, maquisards, d\u00e9serteurs, \u00e9migr\u00e9s, \u2026Format A4, 370 S\u00e4iten, m\u00e9isproocheg (l\u00ebtzebuergesch, d\u00e4itsch a frans\u00e9isch, Imprimerie Heintz P\u00e9iteng Vu September 1940 bis Oktober 1944 hu 600-1000 L\u00ebtzebuerger z\u00e4itweileg, oft esouguer fir e puer Joer, a Frankr\u00e4ich Schutz gesicht. \u00cbnner hinne Resistenzler, Judden, Agente vum Geheimd\u00e9ngscht, Gewerkschaftler [&hellip;]<\/p>\n","protected":false},"author":1,"featured_media":0,"parent":0,"menu_order":0,"comment_status":"closed","ping_status":"closed","template":"","meta":{"ocean_post_layout":"","ocean_both_sidebars_style":"","ocean_both_sidebars_content_width":0,"ocean_both_sidebars_sidebars_width":0,"ocean_sidebar":"0","ocean_second_sidebar":"0","ocean_disable_margins":"enable","ocean_add_body_class":"","ocean_shortcode_before_top_bar":"","ocean_shortcode_after_top_bar":"","ocean_shortcode_before_header":"","ocean_shortcode_after_header":"","ocean_has_shortcode":"","ocean_shortcode_after_title":"","ocean_shortcode_before_footer_widgets":"","ocean_shortcode_after_footer_widgets":"","ocean_shortcode_before_footer_bottom":"","ocean_shortcode_after_footer_bottom":"","ocean_display_top_bar":"default","ocean_display_header":"default","ocean_header_style":"","ocean_center_header_left_menu":"0","ocean_custom_header_template":"0","ocean_custom_logo":0,"ocean_custom_retina_logo":0,"ocean_custom_logo_max_width":0,"ocean_custom_logo_tablet_max_width":0,"ocean_custom_logo_mobile_max_width":0,"ocean_custom_logo_max_height":0,"ocean_custom_logo_tablet_max_height":0,"ocean_custom_logo_mobile_max_height":0,"ocean_header_custom_menu":"0","ocean_menu_typo_font_family":"0","ocean_menu_typo_font_subset":"","ocean_menu_typo_font_size":0,"ocean_menu_typo_font_size_tablet":0,"ocean_menu_typo_font_size_mobile":0,"ocean_menu_typo_font_size_unit":"px","ocean_menu_typo_font_weight":"","ocean_menu_typo_font_weight_tablet":"","ocean_menu_typo_font_weight_mobile":"","ocean_menu_typo_transform":"","ocean_menu_typo_transform_tablet":"","ocean_menu_typo_transform_mobile":"","ocean_menu_typo_line_height":0,"ocean_menu_typo_line_height_tablet":0,"ocean_menu_typo_line_height_mobile":0,"ocean_menu_typo_line_height_unit":"","ocean_menu_typo_spacing":0,"ocean_menu_typo_spacing_tablet":0,"ocean_menu_typo_spacing_mobile":0,"ocean_menu_typo_spacing_unit":"","ocean_menu_link_color":"","ocean_menu_link_color_hover":"","ocean_menu_link_color_active":"","ocean_menu_link_background":"","ocean_menu_link_hover_background":"","ocean_menu_link_active_background":"","ocean_menu_social_links_bg":"","ocean_menu_social_hover_links_bg":"","ocean_menu_social_links_color":"","ocean_menu_social_hover_links_color":"","ocean_disable_title":"default","ocean_disable_heading":"default","ocean_post_title":"","ocean_post_subheading":"","ocean_post_title_style":"","ocean_post_title_background_color":"","ocean_post_title_background":0,"ocean_post_title_bg_image_position":"","ocean_post_title_bg_image_attachment":"","ocean_post_title_bg_image_repeat":"","ocean_post_title_bg_image_size":"","ocean_post_title_height":0,"ocean_post_title_bg_overlay":0.5,"ocean_post_title_bg_overlay_color":"","ocean_disable_breadcrumbs":"default","ocean_breadcrumbs_color":"","ocean_breadcrumbs_separator_color":"","ocean_breadcrumbs_links_color":"","ocean_breadcrumbs_links_hover_color":"","ocean_display_footer_widgets":"default","ocean_display_footer_bottom":"default","ocean_custom_footer_template":"0","footnotes":""},"class_list":["post-324","page","type-page","status-publish","hentry","entry"],"jetpack_sharing_enabled":true,"_links":{"self":[{"href":"https:\/\/unioun.lu\/wordpress\/index.php\/wp-json\/wp\/v2\/pages\/324","targetHints":{"allow":["GET"]}}],"collection":[{"href":"https:\/\/unioun.lu\/wordpress\/index.php\/wp-json\/wp\/v2\/pages"}],"about":[{"href":"https:\/\/unioun.lu\/wordpress\/index.php\/wp-json\/wp\/v2\/types\/page"}],"author":[{"embeddable":true,"href":"https:\/\/unioun.lu\/wordpress\/index.php\/wp-json\/wp\/v2\/users\/1"}],"replies":[{"embeddable":true,"href":"https:\/\/unioun.lu\/wordpress\/index.php\/wp-json\/wp\/v2\/comments?post=324"}],"version-history":[{"count":8,"href":"https:\/\/unioun.lu\/wordpress\/index.php\/wp-json\/wp\/v2\/pages\/324\/revisions"}],"predecessor-version":[{"id":338,"href":"https:\/\/unioun.lu\/wordpress\/index.php\/wp-json\/wp\/v2\/pages\/324\/revisions\/338"}],"wp:attachment":[{"href":"https:\/\/unioun.lu\/wordpress\/index.php\/wp-json\/wp\/v2\/media?parent=324"}],"curies":[{"name":"wp","href":"https:\/\/api.w.org\/{rel}","templated":true}]}}