{"id":317,"date":"2022-05-08T07:33:00","date_gmt":"2022-05-08T07:33:00","guid":{"rendered":"https:\/\/unioun.lu\/wordpress\/?page_id=317"},"modified":"2023-05-05T08:12:54","modified_gmt":"2023-05-05T08:12:54","slug":"evakuatioun-a-frankraich","status":"publish","type":"page","link":"https:\/\/unioun.lu\/wordpress\/index.php\/publications\/evakuatioun-a-frankraich\/","title":{"rendered":"Evakuatioun a Frankr\u00e4ich"},"content":{"rendered":"\t\t<div data-elementor-type=\"wp-page\" data-elementor-id=\"317\" class=\"elementor elementor-317\">\n\t\t\t\t\t\t<section class=\"elementor-section elementor-top-section elementor-element elementor-element-b542da3 elementor-section-boxed elementor-section-height-default elementor-section-height-default\" data-id=\"b542da3\" data-element_type=\"section\">\n\t\t\t\t\t\t<div class=\"elementor-container elementor-column-gap-default\">\n\t\t\t\t\t<div class=\"elementor-column elementor-col-100 elementor-top-column elementor-element elementor-element-d7a7a4b\" data-id=\"d7a7a4b\" data-element_type=\"column\">\n\t\t\t<div class=\"elementor-widget-wrap elementor-element-populated\">\n\t\t\t\t\t\t<div class=\"elementor-element elementor-element-aacb8d4 elementor-widget elementor-widget-heading\" data-id=\"aacb8d4\" data-element_type=\"widget\" data-widget_type=\"heading.default\">\n\t\t\t\t<div class=\"elementor-widget-container\">\n\t\t\t\t\t<h2 class=\"elementor-heading-title elementor-size-default\"><span data-elementor-setting-key=\"title\" data-pen-placeholder=\"Type Here...\" style=\"overflow-wrap: break-word; outline-width: 0px; font-variant-caps: normal; font-size: 20px; font-style: normal;\"><span data-elementor-setting-key=\"title\" data-pen-placeholder=\"Type Here...\" style=\"overflow-wrap: break-word; outline-width: 0px; font-variant-caps: normal; font-size: 20px; font-style: normal;\"><span style=\"font-variant-caps: normal; font-family: Ubuntu, sans-serif; font-size: 16px; font-style: normal; font-weight: 700; caret-color: rgb(122, 121, 120); color: rgb(122, 121, 120); white-space: normal;\">Claude VANDIVINIT<\/span><br><\/span><span style=\"font-variant-caps: normal; font-family: Ubuntu, sans-serif; font-size: 16px; font-style: normal; font-weight: 700; caret-color: rgb(122, 121, 120); color: rgb(122, 121, 120); white-space: normal;\">Evakuatioun a Frankr\u00e4ich, Mee-August 1940<\/span><\/span><br><span style=\"caret-color: rgb(122, 121, 120); color: rgb(122, 121, 120); font-family: Ubuntu, sans-serif; font-size: 11px; font-style: normal; font-variant-caps: normal; white-space: normal;\">Format A4, 370 S\u00e4iten, m\u00e9isproocheg (l\u00ebtzebuergesch, d\u00e4itsch a frans\u00e9isch, Imprimerie Heintz P\u00e9iteng<\/span><\/h2>\t\t\t\t<\/div>\n\t\t\t\t<\/div>\n\t\t\t\t\t<\/div>\n\t\t<\/div>\n\t\t\t\t\t<\/div>\n\t\t<\/section>\n\t\t\t\t<section class=\"elementor-section elementor-top-section elementor-element elementor-element-650515e elementor-section-boxed elementor-section-height-default elementor-section-height-default\" data-id=\"650515e\" data-element_type=\"section\">\n\t\t\t\t\t\t<div class=\"elementor-container elementor-column-gap-default\">\n\t\t\t\t\t<div class=\"elementor-column elementor-col-100 elementor-top-column elementor-element elementor-element-e8f2783\" data-id=\"e8f2783\" data-element_type=\"column\">\n\t\t\t<div class=\"elementor-widget-wrap elementor-element-populated\">\n\t\t\t\t\t\t<div class=\"elementor-element elementor-element-91a5a86 elementor-widget elementor-widget-text-editor\" data-id=\"91a5a86\" data-element_type=\"widget\" data-widget_type=\"text-editor.default\">\n\t\t\t\t<div class=\"elementor-widget-container\">\n\t\t\t\t\t\t\t\t\t<div style=\"margin: 10px; font-family: Ubuntu, sans-serif; font-size: 16px; font-style: normal; font-variant-caps: normal; -webkit-font-smoothing: antialiased; float: left; position: relative; caret-color: #65676f; color: #65676f;\"><img fetchpriority=\"high\" decoding=\"async\" class=\"alignleft\" style=\"border-width: 0px; font-size: inherit; vertical-align: baseline; -webkit-font-smoothing: antialiased;\" src=\"https:\/\/unioun.lu\/styled-9\/files\/cv_book2-2.jpg\" alt=\"cv_book2\" width=\"228\" height=\"322\" \/><\/div><p><span style=\"font-family: Ubuntu, sans-serif; font-size: 16px; font-style: normal; font-variant-caps: normal; -webkit-font-smoothing: antialiased; color: #7a7978;\"><span style=\"caret-color: #65676f; color: #65676f; font-family: Ubuntu, sans-serif; font-size: 16px; font-style: normal; font-variant-caps: normal;\">D&#8217;Buch befaasst sech mat der spontaner Flucht an der Evaku\u00e9ierung vu bis zu 100.000 Awunner, virun allem aus de S\u00fcd-Gemengen, den 10. Mee 1940, w\u00e9i dem Hitler seng Truppen d&#8217;L\u00ebtzebuerger Land iwwerfall hunn. Unhand vun engem onver\u00ebffentlechten Tagebuch, enger Rei vu m\u00e9i oder w\u00e9ineger bekannte Ver\u00ebffentlechungen an Zeienaussoen a mat H\u00ebllef vu villen Archiv-Dokumenten, versicht den Auteur d&#8217;Envergure vun d\u00ebser Episod, d\u00e9i den Ufank vun der 5-j\u00e4reger Besetzung vu L\u00ebtzebuerg wiesentlech mark\u00e9iert huet, m\u00e9iglechst \u00ebmfaassend ze \u00ebmr\u00e4issen an ze analys\u00e9ieren.\u00a0<\/span><br style=\"-webkit-font-smoothing: antialiased;\" \/><\/span><\/p><p style=\"margin-top: 1em; margin-bottom: 1em; font-family: Ubuntu, sans-serif; font-size: 16px; font-style: normal; font-variant-caps: normal; -webkit-font-smoothing: antialiased; caret-color: #65676f; color: #65676f;\">Dob\u00e4i gi folgend Froe behandelt.<br style=\"-webkit-font-smoothing: antialiased;\" \/>\u2013 Virwat hunn esou vill Awunner hirt Heem musse verloossen? W\u00e9isou sinn di eng a Frankr\u00e4ich, d\u00e9i aner zu L\u00ebtzebuerg evaku\u00e9iert ginn?<br style=\"-webkit-font-smoothing: antialiased;\" \/>\u2013 W\u00e9i war L\u00ebtzebuerg op di d\u00e4itsch Invasioun virbereet? W\u00e9i sollt d&#8217;Bev\u00eblkerung virun de Gefore gesch\u00fctzt ginn?<br style=\"-webkit-font-smoothing: antialiased;\" \/>\u2013 W\u00e9i war et m\u00e9iglech, datt ronn 50.000 Awunner a knapp 2 Deeg konnten a Frankr\u00e4ich evaku\u00e9iert ginn, obwuel et keng Virbereedungen an d\u00e4r Hisiicht ginn hat?<br style=\"-webkit-font-smoothing: antialiased;\" \/>&#8211; W\u00e9i sinn di M\u00e9int vun der Evakuatioun bis zum Rapatriement verlaf? W\u00e9i eng Rollen hunn di frans\u00e9isch, di d\u00e4itsch oder di l\u00ebtzebuergesch Instanzen dob\u00e4i gespillt?<\/p>\t\t\t\t\t\t\t\t<\/div>\n\t\t\t\t<\/div>\n\t\t\t\t\t<\/div>\n\t\t<\/div>\n\t\t\t\t\t<\/div>\n\t\t<\/section>\n\t\t\t\t<section class=\"elementor-section elementor-top-section elementor-element elementor-element-9a495f7 elementor-section-boxed elementor-section-height-default elementor-section-height-default\" data-id=\"9a495f7\" data-element_type=\"section\">\n\t\t\t\t\t\t<div class=\"elementor-container elementor-column-gap-default\">\n\t\t\t\t\t<div class=\"elementor-column elementor-col-100 elementor-top-column elementor-element elementor-element-0b25d8c\" data-id=\"0b25d8c\" data-element_type=\"column\">\n\t\t\t<div class=\"elementor-widget-wrap elementor-element-populated\">\n\t\t\t\t\t\t<div class=\"elementor-element elementor-element-674c507 elementor-widget elementor-widget-text-editor\" data-id=\"674c507\" data-element_type=\"widget\" data-widget_type=\"text-editor.default\">\n\t\t\t\t<div class=\"elementor-widget-container\">\n\t\t\t\t\t\t\t\t\t<p>Rezensioun<\/p><ul><li><span style=\"font-size: 18px;\">Radio 100,7: <\/span><a href=\"https:\/\/www.100komma7.lu\/article\/kultur\/letzebuerger-sachbicherwei-d-letzebuerger-richtung-frankraich-geflucht-sinn\"><span style=\"font-size: 18px; color: var( --e-global-color-text ); text-decoration: underline;\">Lauschteren<\/span><\/a><\/li><li><span style=\"font-size: 18px; &gt;h\u00e9mecht 2022\/4: &lt;\/span&gt;&lt;\/p&gt;&lt;\/li&gt;&lt;\/ul&gt;&lt;p class=;\"><span style=\"font-size: 18px; &gt;h\u00e9mecht 2022\/4: &lt;\/span&gt;&lt;\/p&gt;&lt;\/li&gt;&lt;\/ul&gt;&lt;p class=;\">H\u00e9mecht 2022\/4:\u00a0<span style=\"text-decoration: underline;\"><a href=\"https:\/\/www.recensio.net\/rezensionen\/zeitschriften\/hemecht\/2022\/4\/ReviewMonograph857699929\/@@generate-pdf-recension?language=fr\">Liesen<\/a><\/span><\/span><\/span>\u00a0<\/li><\/ul>\t\t\t\t\t\t\t\t<\/div>\n\t\t\t\t<\/div>\n\t\t\t\t\t<\/div>\n\t\t<\/div>\n\t\t\t\t\t<\/div>\n\t\t<\/section>\n\t\t\t\t<\/div>\n\t\t","protected":false},"excerpt":{"rendered":"<p>Claude VANDIVINITEvakuatioun a Frankr\u00e4ich, Mee-August 1940Format A4, 370 S\u00e4iten, m\u00e9isproocheg (l\u00ebtzebuergesch, d\u00e4itsch a frans\u00e9isch, Imprimerie Heintz P\u00e9iteng D&#8217;Buch befaasst sech mat der spontaner Flucht an der Evaku\u00e9ierung vu bis zu 100.000 Awunner, virun allem aus de S\u00fcd-Gemengen, den 10. Mee 1940, w\u00e9i dem Hitler seng Truppen d&#8217;L\u00ebtzebuerger Land iwwerfall hunn. Unhand vun engem onver\u00ebffentlechten Tagebuch, [&hellip;]<\/p>\n","protected":false},"author":1,"featured_media":0,"parent":12,"menu_order":0,"comment_status":"closed","ping_status":"closed","template":"","meta":{"ocean_post_layout":"","ocean_both_sidebars_style":"","ocean_both_sidebars_content_width":0,"ocean_both_sidebars_sidebars_width":0,"ocean_sidebar":"","ocean_second_sidebar":"","ocean_disable_margins":"enable","ocean_add_body_class":"","ocean_shortcode_before_top_bar":"","ocean_shortcode_after_top_bar":"","ocean_shortcode_before_header":"","ocean_shortcode_after_header":"","ocean_has_shortcode":"","ocean_shortcode_after_title":"","ocean_shortcode_before_footer_widgets":"","ocean_shortcode_after_footer_widgets":"","ocean_shortcode_before_footer_bottom":"","ocean_shortcode_after_footer_bottom":"","ocean_display_top_bar":"default","ocean_display_header":"default","ocean_header_style":"","ocean_center_header_left_menu":"","ocean_custom_header_template":"","ocean_custom_logo":0,"ocean_custom_retina_logo":0,"ocean_custom_logo_max_width":0,"ocean_custom_logo_tablet_max_width":0,"ocean_custom_logo_mobile_max_width":0,"ocean_custom_logo_max_height":0,"ocean_custom_logo_tablet_max_height":0,"ocean_custom_logo_mobile_max_height":0,"ocean_header_custom_menu":"","ocean_menu_typo_font_family":"","ocean_menu_typo_font_subset":"","ocean_menu_typo_font_size":0,"ocean_menu_typo_font_size_tablet":0,"ocean_menu_typo_font_size_mobile":0,"ocean_menu_typo_font_size_unit":"px","ocean_menu_typo_font_weight":"","ocean_menu_typo_font_weight_tablet":"","ocean_menu_typo_font_weight_mobile":"","ocean_menu_typo_transform":"","ocean_menu_typo_transform_tablet":"","ocean_menu_typo_transform_mobile":"","ocean_menu_typo_line_height":0,"ocean_menu_typo_line_height_tablet":0,"ocean_menu_typo_line_height_mobile":0,"ocean_menu_typo_line_height_unit":"","ocean_menu_typo_spacing":0,"ocean_menu_typo_spacing_tablet":0,"ocean_menu_typo_spacing_mobile":0,"ocean_menu_typo_spacing_unit":"","ocean_menu_link_color":"","ocean_menu_link_color_hover":"","ocean_menu_link_color_active":"","ocean_menu_link_background":"","ocean_menu_link_hover_background":"","ocean_menu_link_active_background":"","ocean_menu_social_links_bg":"","ocean_menu_social_hover_links_bg":"","ocean_menu_social_links_color":"","ocean_menu_social_hover_links_color":"","ocean_disable_title":"default","ocean_disable_heading":"default","ocean_post_title":"","ocean_post_subheading":"","ocean_post_title_style":"","ocean_post_title_background_color":"","ocean_post_title_background":0,"ocean_post_title_bg_image_position":"","ocean_post_title_bg_image_attachment":"","ocean_post_title_bg_image_repeat":"","ocean_post_title_bg_image_size":"","ocean_post_title_height":0,"ocean_post_title_bg_overlay":0.5,"ocean_post_title_bg_overlay_color":"","ocean_disable_breadcrumbs":"default","ocean_breadcrumbs_color":"","ocean_breadcrumbs_separator_color":"","ocean_breadcrumbs_links_color":"","ocean_breadcrumbs_links_hover_color":"","ocean_display_footer_widgets":"default","ocean_display_footer_bottom":"default","ocean_custom_footer_template":"","footnotes":""},"class_list":["post-317","page","type-page","status-publish","hentry","entry"],"jetpack_sharing_enabled":true,"_links":{"self":[{"href":"https:\/\/unioun.lu\/wordpress\/index.php\/wp-json\/wp\/v2\/pages\/317","targetHints":{"allow":["GET"]}}],"collection":[{"href":"https:\/\/unioun.lu\/wordpress\/index.php\/wp-json\/wp\/v2\/pages"}],"about":[{"href":"https:\/\/unioun.lu\/wordpress\/index.php\/wp-json\/wp\/v2\/types\/page"}],"author":[{"embeddable":true,"href":"https:\/\/unioun.lu\/wordpress\/index.php\/wp-json\/wp\/v2\/users\/1"}],"replies":[{"embeddable":true,"href":"https:\/\/unioun.lu\/wordpress\/index.php\/wp-json\/wp\/v2\/comments?post=317"}],"version-history":[{"count":66,"href":"https:\/\/unioun.lu\/wordpress\/index.php\/wp-json\/wp\/v2\/pages\/317\/revisions"}],"predecessor-version":[{"id":1170,"href":"https:\/\/unioun.lu\/wordpress\/index.php\/wp-json\/wp\/v2\/pages\/317\/revisions\/1170"}],"up":[{"embeddable":true,"href":"https:\/\/unioun.lu\/wordpress\/index.php\/wp-json\/wp\/v2\/pages\/12"}],"wp:attachment":[{"href":"https:\/\/unioun.lu\/wordpress\/index.php\/wp-json\/wp\/v2\/media?parent=317"}],"curies":[{"name":"wp","href":"https:\/\/api.w.org\/{rel}","templated":true}]}}