{"id":1856,"date":"2024-11-25T15:31:52","date_gmt":"2024-11-25T15:31:52","guid":{"rendered":"https:\/\/unioun.lu\/wordpress\/?page_id=1856"},"modified":"2024-11-25T15:31:52","modified_gmt":"2024-11-25T15:31:52","slug":"opklaerung","status":"publish","type":"page","link":"https:\/\/unioun.lu\/wordpress\/index.php\/opklaerung\/","title":{"rendered":"Opkl\u00e4rung"},"content":{"rendered":"\n<p class=\"has-medium-font-size\">Virun zwee Joer hu mir decid\u00e9iert fir zesumme mam Marc Thoma d\u00e9i aussergew\u00e9inlech Flucht vum Nicolas Wolff an dem Pierre Schaul aus engem Niewelager vum KZ Buchenwald ze verfilmen.<\/p>\n\n\n\n<p class=\"has-medium-font-size\">Mir, d\u2019Unioun asbl., sinn als Produzent vum Film \u201eOperatioun Pauly\u201c beim Filmfong virstelleg ginn, fir als Asbl. via carte blanche d\u00e9i kleng, mee maximal m\u00e9iglech \u00cbnnerst\u00ebtzung vun 22.500\u20ac unzefroen.<\/p>\n\n\n\n<p class=\"has-medium-font-size\">Nodeems den Direkter vum Filmfong Guy Gustave Daleiden eis gefrot huet, wien dann de Regisseur wier, war eis s\u00e9ier kloer, dass hien eis Demande g\u00e9if ofweisen. Dat huet hien och duerchbl\u00e9cke gelooss mam Argument, d\u00e9i Geschicht g\u00e9if no 80 Joer kee m\u00e9i interess\u00e9ieren.<br>Trotzdeem hu mir dunn d\u00e9i vum Filmfong virgeschriwwe schr\u00ebftlech administrativ Prozedur vun enger Demande \u201ecarte blanche\u201c gemaach a kruten e knappen negative Bescheed.<\/p>\n\n\n\n<p class=\"has-medium-font-size\">Et muss een awer w\u00ebssen, dass eise Regisseur Marc Thoma beim Filmfong eng \u201epersona non grata\u201c ass, et pour cause: Als fr\u00e9ieren investigative Journalist hat hien zesumme mat Kolleegen aus der geschriwwener Press enqu\u00eat\u00e9iert an erausfonnt, dass net alles koscher beim Filmfong g\u00e9if lafen.<\/p>\n\n\n\n<p class=\"has-medium-font-size\">En Audit an d\u2018Cour des comptes hunn dat och festgestallt an eng R\u00ebtsch Irregularit\u00e9iten dokument\u00e9iert. Och nozeliesen \u00ebnnert \u201ereporter.lu \u201ea \u201eguykaiser.lu\u201c.<\/p>\n\n\n\n<p class=\"has-medium-font-size\">Wat den Artikel am L\u00ebtzebuerger Wort vum 21.9.2024 aus der Fieder vum Marc Thill ugeet, an deem kloer eng falsch Informatioun dra steet, muss ee w\u00ebssen, dass d\u00ebsen H\u00e4r z\u00ebnter Jore vu senger Positioun am Wort profit\u00e9iert, fir st\u00e4nneg de Filmfong an den Himmel ze luewen. Vu Kritik keng Spuer. Objektive Journalismus ges\u00e4it anescht aus!<\/p>\n\n\n\n<p class=\"has-medium-font-size\">De Comit\u00e9 vun der Unioun vun de L\u00ebtzebuerger Resistenzorganisatiounen huet d\u2019Pflicht, d\u2019Saache richteg duerzestellen an hir Memberen opzekl\u00e4ren, w\u00e9i d\u2018Verflechtungen hei zu L\u00ebtzebuerg fonction\u00e9iren.<\/p>\n\n\n\n<p class=\"has-medium-font-size\">Den H\u00e4r Thill an den H\u00e4r Daleiden solle w\u00ebssen, dass mir als Nofolger vun de L\u00ebtzebuerger Resistenzler net esou schnell bei sou duerchsichtegen a b\u00e9iswellegen Aktiounen \u00ebmfalen, ganz am G\u00e9igendeel.<\/p>\n\n\n\n<p class=\"has-medium-font-size\">Fir d\u2019Unioun vun de L\u00ebtzebuerger Resistenzorganisatiounen A.s.b.l.<br>De Comit\u00e9<\/p>\n","protected":false},"excerpt":{"rendered":"<p>Virun zwee Joer hu mir decid\u00e9iert fir zesumme mam Marc Thoma d\u00e9i aussergew\u00e9inlech Flucht vum Nicolas Wolff an dem Pierre Schaul aus engem Niewelager vum KZ Buchenwald ze verfilmen. Mir, d\u2019Unioun asbl., sinn als Produzent vum Film \u201eOperatioun Pauly\u201c beim Filmfong virstelleg ginn, fir als Asbl. via carte blanche d\u00e9i kleng, mee maximal m\u00e9iglech \u00cbnnerst\u00ebtzung [&hellip;]<\/p>\n","protected":false},"author":1,"featured_media":0,"parent":0,"menu_order":0,"comment_status":"closed","ping_status":"closed","template":"","meta":{"ocean_post_layout":"","ocean_both_sidebars_style":"","ocean_both_sidebars_content_width":0,"ocean_both_sidebars_sidebars_width":0,"ocean_sidebar":"","ocean_second_sidebar":"","ocean_disable_margins":"enable","ocean_add_body_class":"","ocean_shortcode_before_top_bar":"","ocean_shortcode_after_top_bar":"","ocean_shortcode_before_header":"","ocean_shortcode_after_header":"","ocean_has_shortcode":"","ocean_shortcode_after_title":"","ocean_shortcode_before_footer_widgets":"","ocean_shortcode_after_footer_widgets":"","ocean_shortcode_before_footer_bottom":"","ocean_shortcode_after_footer_bottom":"","ocean_display_top_bar":"default","ocean_display_header":"default","ocean_header_style":"","ocean_center_header_left_menu":"","ocean_custom_header_template":"","ocean_custom_logo":0,"ocean_custom_retina_logo":0,"ocean_custom_logo_max_width":0,"ocean_custom_logo_tablet_max_width":0,"ocean_custom_logo_mobile_max_width":0,"ocean_custom_logo_max_height":0,"ocean_custom_logo_tablet_max_height":0,"ocean_custom_logo_mobile_max_height":0,"ocean_header_custom_menu":"","ocean_menu_typo_font_family":"","ocean_menu_typo_font_subset":"","ocean_menu_typo_font_size":0,"ocean_menu_typo_font_size_tablet":0,"ocean_menu_typo_font_size_mobile":0,"ocean_menu_typo_font_size_unit":"px","ocean_menu_typo_font_weight":"","ocean_menu_typo_font_weight_tablet":"","ocean_menu_typo_font_weight_mobile":"","ocean_menu_typo_transform":"","ocean_menu_typo_transform_tablet":"","ocean_menu_typo_transform_mobile":"","ocean_menu_typo_line_height":0,"ocean_menu_typo_line_height_tablet":0,"ocean_menu_typo_line_height_mobile":0,"ocean_menu_typo_line_height_unit":"","ocean_menu_typo_spacing":0,"ocean_menu_typo_spacing_tablet":0,"ocean_menu_typo_spacing_mobile":0,"ocean_menu_typo_spacing_unit":"","ocean_menu_link_color":"","ocean_menu_link_color_hover":"","ocean_menu_link_color_active":"","ocean_menu_link_background":"","ocean_menu_link_hover_background":"","ocean_menu_link_active_background":"","ocean_menu_social_links_bg":"","ocean_menu_social_hover_links_bg":"","ocean_menu_social_links_color":"","ocean_menu_social_hover_links_color":"","ocean_disable_title":"default","ocean_disable_heading":"default","ocean_post_title":"","ocean_post_subheading":"","ocean_post_title_style":"","ocean_post_title_background_color":"","ocean_post_title_background":0,"ocean_post_title_bg_image_position":"","ocean_post_title_bg_image_attachment":"","ocean_post_title_bg_image_repeat":"","ocean_post_title_bg_image_size":"","ocean_post_title_height":0,"ocean_post_title_bg_overlay":0.5,"ocean_post_title_bg_overlay_color":"","ocean_disable_breadcrumbs":"default","ocean_breadcrumbs_color":"","ocean_breadcrumbs_separator_color":"","ocean_breadcrumbs_links_color":"","ocean_breadcrumbs_links_hover_color":"","ocean_display_footer_widgets":"default","ocean_display_footer_bottom":"default","ocean_custom_footer_template":"","footnotes":""},"class_list":["post-1856","page","type-page","status-publish","hentry","entry"],"jetpack_sharing_enabled":true,"_links":{"self":[{"href":"https:\/\/unioun.lu\/wordpress\/index.php\/wp-json\/wp\/v2\/pages\/1856","targetHints":{"allow":["GET"]}}],"collection":[{"href":"https:\/\/unioun.lu\/wordpress\/index.php\/wp-json\/wp\/v2\/pages"}],"about":[{"href":"https:\/\/unioun.lu\/wordpress\/index.php\/wp-json\/wp\/v2\/types\/page"}],"author":[{"embeddable":true,"href":"https:\/\/unioun.lu\/wordpress\/index.php\/wp-json\/wp\/v2\/users\/1"}],"replies":[{"embeddable":true,"href":"https:\/\/unioun.lu\/wordpress\/index.php\/wp-json\/wp\/v2\/comments?post=1856"}],"version-history":[{"count":1,"href":"https:\/\/unioun.lu\/wordpress\/index.php\/wp-json\/wp\/v2\/pages\/1856\/revisions"}],"predecessor-version":[{"id":1857,"href":"https:\/\/unioun.lu\/wordpress\/index.php\/wp-json\/wp\/v2\/pages\/1856\/revisions\/1857"}],"wp:attachment":[{"href":"https:\/\/unioun.lu\/wordpress\/index.php\/wp-json\/wp\/v2\/media?parent=1856"}],"curies":[{"name":"wp","href":"https:\/\/api.w.org\/{rel}","templated":true}]}}