{"id":13,"date":"2022-04-06T11:37:27","date_gmt":"2022-04-06T11:37:27","guid":{"rendered":"http:\/\/localhost\/unioun\/?page_id=13"},"modified":"2024-09-09T08:12:44","modified_gmt":"2024-09-09T08:12:44","slug":"galerie","status":"publish","type":"page","link":"https:\/\/unioun.lu\/wordpress\/index.php\/galerie\/","title":{"rendered":"Galerie"},"content":{"rendered":"\n<p><strong>Op en Album klicke fir d&#8217;Fotoen ze kucken \u2026<\/strong><\/p>\n\n\n\n<h3 class=\"wp-block-heading\"><\/h3>\n\n\n\n<ul class=\"wp-block-list\">\n<li><a href=\"https:\/\/unioun.lu\/wordpress\/index.php\/auschwitz-birkenau-2021\/\" data-type=\"page\" data-id=\"206\">Auschwitz-Birkenau<\/a><\/li>\n\n\n\n<li><a href=\"https:\/\/unioun.lu\/wordpress\/index.php\/auschwitz-stammlager\/\" data-type=\"page\" data-id=\"426\">Auschwitz Stammlager<\/a><\/li>\n\n\n\n<li><a href=\"https:\/\/unioun.lu\/wordpress\/index.php\/exkursioun-marie-astrid\/\" data-type=\"page\" data-id=\"451\">Exkursioun Marie-Astrid<\/a><\/li>\n\n\n\n<li><a href=\"https:\/\/unioun.lu\/wordpress\/index.php\/kazettkleedung-a-schachspill-vum-har-jim-gillen\/\" data-type=\"page\" data-id=\"470\">Kazettkleedung a Schachspill<\/a><\/li>\n\n\n\n<li><a href=\"https:\/\/unioun.lu\/wordpress\/index.php\/woltz-2022\/\" data-type=\"page\" data-id=\"484\">Wooltz<\/a><\/li>\n\n\n\n<li><a href=\"https:\/\/unioun.lu\/wordpress\/index.php\/assemblees-generales-passees\" data-type=\"URL\" data-id=\"https:\/\/unioun.lu\/wordpress\/index.php\/assemblees-generales-passees\">Assembl\u00e9es g\u00e9n\u00e9rales pass\u00e9es<\/a><\/li>\n\n\n\n<li><a href=\"https:\/\/unioun.lu\/wordpress\/index.php\/assemblee-generale-2021\/\" data-type=\"page\" data-id=\"433\">Assembl\u00e9e g\u00e9n\u00e9rale 2021<\/a><\/li>\n\n\n\n<li><a href=\"https:\/\/unioun.lu\/wordpress\/index.php\/fotos-mauthausen-2022\/\" data-type=\"URL\" data-id=\"https:\/\/unioun.lu\/wordpress\/index.php\/fotos-mauthausen-2022\/\">Gedenkzeremonie KZ Mauthausen 2022<\/a><\/li>\n\n\n\n<li><a href=\"https:\/\/unioun.lu\/wordpress\/index.php\/kz-ebensee-a\/\" data-type=\"URL\" data-id=\"https:\/\/unioun.lu\/wordpress\/index.php\/kz-ebensee-a\/\">KZ Ebensee 2022<\/a><\/li>\n\n\n\n<li><a href=\"https:\/\/unioun.lu\/wordpress\/index.php\/fotos-kz-gusen-i\/\" data-type=\"URL\" data-id=\"https:\/\/unioun.lu\/wordpress\/index.php\/fotos-kz-gusen-i\/\">KZ Gusen I 2022<\/a><\/li>\n\n\n\n<li><a href=\"https:\/\/unioun.lu\/wordpress\/index.php\/fotos-kz-dachau-2022\/\" data-type=\"URL\" data-id=\"https:\/\/unioun.lu\/wordpress\/index.php\/fotos-kz-dachau-2022\/\">KZ Dachau 2022<\/a><\/li>\n\n\n\n<li><a href=\"https:\/\/unioun.lu\/wordpress\/index.php\/fotos-visite-hackenberg-2022\/\" data-type=\"URL\" data-id=\"https:\/\/unioun.lu\/wordpress\/index.php\/fotos-visite-hackenberg-2022\/\">Dagesausfluch Unioun 11. Juni 2022<\/a><\/li>\n\n\n\n<li><a href=\"https:\/\/unioun.lu\/wordpress\/index.php\/generalversammlung-28-05-2022-vun-der-amicale-des-anciens-prisonniers-politiques-luxembourgeois-de-mauthausen-zu-bech\/\" data-type=\"URL\" data-id=\"https:\/\/unioun.lu\/wordpress\/index.php\/generalversammlung-28-05-2022-vun-der-amicale-des-anciens-prisonniers-politiques-luxembourgeois-de-mauthausen-zu-bech\/\">Generalversammlung 28.05.2022 vun der Amicale Mauthausen zu Bech<\/a><\/li>\n\n\n\n<li><a href=\"https:\/\/unioun.lu\/wordpress\/index.php\/elementor-759\/\" data-type=\"URL\" data-id=\"https:\/\/unioun.lu\/wordpress\/index.php\/elementor-759\/\">Generalversammlung 18.06.2022 LPPD Sektioun Nord-Ost<\/a><\/li>\n\n\n\n<li><a href=\"https:\/\/unioun.lu\/wordpress\/index.php\/fotos-souvenir\" data-type=\"URL\" data-id=\"https:\/\/unioun.lu\/wordpress\/index.php\/fotos-souvenir\">Er\u00ebnnerung un d&#8217;Zwangsrekrut\u00e9ierung virun 80 Joer<\/a><\/li>\n\n\n\n<li><a href=\"https:\/\/unioun.lu\/wordpress\/index.php\/fotos-exkursioun-marie-astrid-01-09-2022\" data-type=\"URL\" data-id=\"https:\/\/unioun.lu\/wordpress\/index.php\/fotos-exkursioun-marie-astrid-01-09-2022\">Exkursioun mat der &#8222;Marie-Astrid&#8220; den 01.09.2022<\/a><\/li>\n\n\n\n<li><a href=\"https:\/\/unioun.lu\/wordpress\/index.php\/fotos-hinzert-2022\" data-type=\"URL\" data-id=\"https:\/\/unioun.lu\/wordpress\/index.php\/fotos-hinzert-2022\">Gedenkzeremonie am eemolege KZ \/ SS-Sonderlager Hinzert<\/a><\/li>\n\n\n\n<li><a href=\"https:\/\/unioun.lu\/wordpress\/index.php\/assemblee-generale-2022\" data-type=\"URL\" data-id=\"https:\/\/unioun.lu\/wordpress\/index.php\/assemblee-generale-2022\">Assembl\u00e9e G\u00e9n\u00e9rale 2022<\/a><\/li>\n\n\n\n<li><a href=\"https:\/\/unioun.lu\/wordpress\/index.php\/fotos-sachsenhausen-oranienburg\" data-type=\"URL\" data-id=\"https:\/\/unioun.lu\/wordpress\/index.php\/fotos-sachsenhausen-oranienburg\">Kommemoratiounsfeier vun der Amicale des Anciens Prisonniers Politiques et Familles de Disparus de Sachsenhausen-Oranienburg<\/a><\/li>\n\n\n\n<li><a href=\"https:\/\/unioun.lu\/wordpress\/index.php\/journee-nationale-de-la-resistance-26-02-2023\/\" data-type=\"URL\" data-id=\"https:\/\/unioun.lu\/wordpress\/index.php\/journee-nationale-de-la-resistance-26-02-2023\/\">Journ\u00e9e Nationale de la R\u00e9sistance 26.02.2023<\/a><\/li>\n\n\n\n<li><a href=\"https:\/\/unioun.lu\/wordpress\/index.php\/visite-gedenkfeier-buchenwald-2023\/\" data-type=\"URL\" data-id=\"https:\/\/unioun.lu\/wordpress\/index.php\/visite-gedenkfeier-buchenwald-2023\/\">Visite Gedenkfeier Buchenwald 202<\/a>3<\/li>\n\n\n\n<li><a href=\"https:\/\/unioun.lu\/wordpress\/index.php\/foto-ausfluch-astrid\/\" data-type=\"page\" data-id=\"1355\">Marie-Astrid 2023<\/a><\/li>\n\n\n\n<li><a href=\"https:\/\/unioun.lu\/wordpress\/index.php\/assemblee-generale-2023\/\" data-type=\"link\" data-id=\"https:\/\/unioun.lu\/wordpress\/index.php\/assemblee-generale-2023\/\">Assembl\u00e9e g\u00e9n\u00e9rale 2023<\/a><\/li>\n\n\n\n<li><a href=\"https:\/\/unioun.lu\/wordpress\/index.php\/fotos-marie-astrid-2024\/\" data-type=\"page\" data-id=\"1552\">Marie-Astrid 2024<\/a><\/li>\n<\/ul>\n\n\n\n<p><\/p>\n","protected":false},"excerpt":{"rendered":"<p>Op en Album klicke fir d&#8217;Fotoen ze kucken \u2026<\/p>\n","protected":false},"author":1,"featured_media":0,"parent":0,"menu_order":0,"comment_status":"closed","ping_status":"closed","template":"","meta":{"ocean_post_layout":"","ocean_both_sidebars_style":"","ocean_both_sidebars_content_width":0,"ocean_both_sidebars_sidebars_width":0,"ocean_sidebar":"0","ocean_second_sidebar":"0","ocean_disable_margins":"enable","ocean_add_body_class":"","ocean_shortcode_before_top_bar":"","ocean_shortcode_after_top_bar":"","ocean_shortcode_before_header":"","ocean_shortcode_after_header":"","ocean_has_shortcode":"","ocean_shortcode_after_title":"","ocean_shortcode_before_footer_widgets":"","ocean_shortcode_after_footer_widgets":"","ocean_shortcode_before_footer_bottom":"","ocean_shortcode_after_footer_bottom":"","ocean_display_top_bar":"default","ocean_display_header":"default","ocean_header_style":"","ocean_center_header_left_menu":"0","ocean_custom_header_template":"0","ocean_custom_logo":0,"ocean_custom_retina_logo":0,"ocean_custom_logo_max_width":0,"ocean_custom_logo_tablet_max_width":0,"ocean_custom_logo_mobile_max_width":0,"ocean_custom_logo_max_height":0,"ocean_custom_logo_tablet_max_height":0,"ocean_custom_logo_mobile_max_height":0,"ocean_header_custom_menu":"0","ocean_menu_typo_font_family":"0","ocean_menu_typo_font_subset":"","ocean_menu_typo_font_size":0,"ocean_menu_typo_font_size_tablet":0,"ocean_menu_typo_font_size_mobile":0,"ocean_menu_typo_font_size_unit":"px","ocean_menu_typo_font_weight":"","ocean_menu_typo_font_weight_tablet":"","ocean_menu_typo_font_weight_mobile":"","ocean_menu_typo_transform":"","ocean_menu_typo_transform_tablet":"","ocean_menu_typo_transform_mobile":"","ocean_menu_typo_line_height":0,"ocean_menu_typo_line_height_tablet":0,"ocean_menu_typo_line_height_mobile":0,"ocean_menu_typo_line_height_unit":"","ocean_menu_typo_spacing":0,"ocean_menu_typo_spacing_tablet":0,"ocean_menu_typo_spacing_mobile":0,"ocean_menu_typo_spacing_unit":"","ocean_menu_link_color":"","ocean_menu_link_color_hover":"","ocean_menu_link_color_active":"","ocean_menu_link_background":"","ocean_menu_link_hover_background":"","ocean_menu_link_active_background":"","ocean_menu_social_links_bg":"","ocean_menu_social_hover_links_bg":"","ocean_menu_social_links_color":"","ocean_menu_social_hover_links_color":"","ocean_disable_title":"default","ocean_disable_heading":"default","ocean_post_title":"","ocean_post_subheading":"","ocean_post_title_style":"","ocean_post_title_background_color":"","ocean_post_title_background":0,"ocean_post_title_bg_image_position":"","ocean_post_title_bg_image_attachment":"","ocean_post_title_bg_image_repeat":"","ocean_post_title_bg_image_size":"","ocean_post_title_height":0,"ocean_post_title_bg_overlay":0.5,"ocean_post_title_bg_overlay_color":"","ocean_disable_breadcrumbs":"default","ocean_breadcrumbs_color":"","ocean_breadcrumbs_separator_color":"","ocean_breadcrumbs_links_color":"","ocean_breadcrumbs_links_hover_color":"","ocean_display_footer_widgets":"default","ocean_display_footer_bottom":"default","ocean_custom_footer_template":"0","footnotes":""},"class_list":["post-13","page","type-page","status-publish","hentry","entry"],"jetpack_sharing_enabled":true,"_links":{"self":[{"href":"https:\/\/unioun.lu\/wordpress\/index.php\/wp-json\/wp\/v2\/pages\/13","targetHints":{"allow":["GET"]}}],"collection":[{"href":"https:\/\/unioun.lu\/wordpress\/index.php\/wp-json\/wp\/v2\/pages"}],"about":[{"href":"https:\/\/unioun.lu\/wordpress\/index.php\/wp-json\/wp\/v2\/types\/page"}],"author":[{"embeddable":true,"href":"https:\/\/unioun.lu\/wordpress\/index.php\/wp-json\/wp\/v2\/users\/1"}],"replies":[{"embeddable":true,"href":"https:\/\/unioun.lu\/wordpress\/index.php\/wp-json\/wp\/v2\/comments?post=13"}],"version-history":[{"count":52,"href":"https:\/\/unioun.lu\/wordpress\/index.php\/wp-json\/wp\/v2\/pages\/13\/revisions"}],"predecessor-version":[{"id":1560,"href":"https:\/\/unioun.lu\/wordpress\/index.php\/wp-json\/wp\/v2\/pages\/13\/revisions\/1560"}],"wp:attachment":[{"href":"https:\/\/unioun.lu\/wordpress\/index.php\/wp-json\/wp\/v2\/media?parent=13"}],"curies":[{"name":"wp","href":"https:\/\/api.w.org\/{rel}","templated":true}]}}