{"id":12,"date":"2022-04-06T11:37:27","date_gmt":"2022-04-06T11:37:27","guid":{"rendered":"http:\/\/localhost\/unioun\/?page_id=12"},"modified":"2026-04-22T07:21:59","modified_gmt":"2026-04-22T07:21:59","slug":"publications","status":"publish","type":"page","link":"https:\/\/unioun.lu\/wordpress\/index.php\/publications\/","title":{"rendered":"Publications"},"content":{"rendered":"\t\t<div data-elementor-type=\"wp-page\" data-elementor-id=\"12\" class=\"elementor elementor-12\">\n\t\t\t\t\t\t<section class=\"elementor-section elementor-top-section elementor-element elementor-element-f102193 elementor-section-boxed elementor-section-height-default elementor-section-height-default\" data-id=\"f102193\" data-element_type=\"section\">\n\t\t\t\t\t\t<div class=\"elementor-container elementor-column-gap-default\">\n\t\t\t\t\t<div class=\"elementor-column elementor-col-100 elementor-top-column elementor-element elementor-element-552d79cd\" data-id=\"552d79cd\" data-element_type=\"column\">\n\t\t\t<div class=\"elementor-widget-wrap elementor-element-populated\">\n\t\t\t\t\t\t<div class=\"elementor-element elementor-element-399397c3 elementor-widget elementor-widget-text-editor\" data-id=\"399397c3\" data-element_type=\"widget\" data-settings=\"{&quot;_animation&quot;:&quot;none&quot;}\" data-widget_type=\"text-editor.default\">\n\t\t\t\t<div class=\"elementor-widget-container\">\n\t\t\t\t\t\t\t\t\t<ul>\n<li><strong>DERNI\u00c8RES PARUTIONS<\/strong><\/li>\n<\/ul>\n<p><span style=\"color: #ff6600;\"><strong><i>Pour savoir plus, cliquer sur les titres !<\/i><\/strong><\/span><\/p>\n<ul>\n<li><strong>Marc Trossen (2025) : <\/strong><span style=\"text-decoration: underline;\"><a href=\"https:\/\/unioun.lu\/wordpress\/index.php\/2025\/11\/12\/zwou-fuschnei-publikatioune-sinn-elo-disponibel\/\"><span style=\"color: #993300; text-decoration: underline;\">Contribution \u00e0 l\u2019histoire de l\u2019Union des Mouvements de R\u00e9sistance Luxembourgeois (UNIO&#8217;N) de 1940 \u00e0 1949<\/span><\/a><\/span><\/li>\n<li><strong>Marc Trossen\/Claude Vandivinit (2024) : <\/strong><span style=\"color: #993300;\"><a style=\"color: #993300;\" href=\"https:\/\/unioun.lu\/wordpress\/index.php\/schraasseger-lager-denkschreft\/\"><span style=\"text-decoration: underline;\">D&#8217;Schraasseger Lager 1941-1947<\/span><\/a><\/span><\/li>\n<li><strong>Trailer <\/strong><a href=\"https:\/\/www.youtube.com\/watch?v=Lj2s01_PH-A\"><span style=\"text-decoration: underline;\"><span style=\"color: #800000; text-decoration: underline;\"><span style=\"color: #993300; text-decoration: underline;\">&#8222;Operatioun Pauly&#8220;<\/span><\/span><\/span><\/a><\/li>\n<li><strong>Marc Trossen<\/strong> (2024): <a href=\"https:\/\/unioun.lu\/wordpress\/wp-content\/uploads\/2024\/09\/Lettre-08.09.2024-edition-revue_Optimized.pdf\"><span style=\"text-decoration: underline; color: #993300;\">Une Luxembourgeoise de France sauva 94 Juifs<\/span><\/a><\/li>\n<li><strong>Fabien Flies <\/strong>(2022)<strong>: <\/strong><span style=\"text-decoration: underline;\"><a href=\"https:\/\/unioun.lu\/wordpress\/wp-content\/uploads\/2023\/01\/Info-Annonce-scaled.jpg\"><span style=\"color: #993300; text-decoration: underline;\">Unio&#8217;n vun de L\u00ebtzebuerger Resistenzorganisatiounen in Ettelbr\u00fcck im 2. Weltkrieg, Groupement de Recherches et d&#8217;Etudes sur la Guerre&nbsp; 1940 &#8211; 1945, S. 409 &#8211; 423<\/span><\/a><\/span><\/li>\n<\/ul>\n<p><!-- \/wp:heading --><!-- wp:list {\"style\":{\"typography\":{\"fontSize\":\"18px\"}}} --><\/p>\n<ul>\n<li style=\"font-size: 18px;\"><strong style=\"font-size: 18px;\">Marc TROSSEN <\/strong><span style=\"font-size: 18px;\">(2022)<\/span><strong style=\"font-size: 18px;\">&nbsp;<\/strong>:&nbsp;<span style=\"font-size: 16px; color: #993300;\"><a href=\"https:\/\/unioun.lu\/wordpress\/index.php\/2022\/11\/19\/neue-publikation-der-unioun\/\"><span style=\"text-decoration: underline;\"><span style=\"color: #993300; text-decoration: underline;\">Vom Partisaneneinsatz in Jugoslawien ins KZ Dachau:<\/span>&nbsp;<span style=\"font-size: 18px; color: #993300; text-decoration: underline;\">das Tagebuch von Jemp GILLEN, Soldat der Luxemburger&nbsp;<\/span><span style=\"font-size: 18px; color: #993300; text-decoration: underline;\">Freiwilligenkompanie (1940-1945) <\/span><\/span><\/a><span style=\"color: #808080;\">\u2013<\/span>&nbsp;<\/span><span style=\"font-size: 16px;\">Untersuchungen, Statistiken und Listen zu den Luxemburger H\u00e4ftlingen im KZ Dachau<\/span><span style=\"font-size: 18px; color: var( --e-global-color-text );\"> (RUPTURE DE STOCK)<\/span><\/li>\n<\/ul>\n<h2 style=\"font-variant-caps: normal; font-family: Roboto, sans-serif; font-style: normal;\"><strong style=\"font-size: 20px;\">PARUTIONS ANT\u00c9RIEURES<\/strong><\/h2>\n<ul>\n<li><strong style=\"font-size: 18px;\">Marc TROSSEN <\/strong><span style=\"font-size: 18px;\">(2021)<\/span><strong style=\"font-size: 18px;\">&nbsp;<\/strong>:&nbsp;<span style=\"color: #993300;\"><u style=\"font-size: 18px;\"><a style=\"font-size: 18px; color: #993300;\" href=\"https:\/\/unioun.lu\/wordpress\/index.php\/les\/\" data-type=\"page\" data-id=\"324\">Les Luxembourgeois en France de 1940-1945, r\u00e9sistants, r\u00e9fractaires, juifs, maquisards, d\u00e9serteurs, \u00e9migr\u00e9s<\/a>&nbsp;\u2026<\/u><\/span><\/li>\n<\/ul>\n<ul>\n<li><span style=\"font-size: 18px;\"><b>Claude VANDIVINIT&nbsp;<\/b><span style=\"font-family: Roboto, sans-serif; font-size: 18px; font-style: normal; font-variant-caps: normal;\">(2021<b>)<\/b><\/span><b>&nbsp;<\/b><\/span>:&nbsp;<span style=\"color: #993300;\"><u style=\"font-size: 18px;\"><a style=\"font-size: 18px; color: #993300;\" href=\"https:\/\/unioun.lu\/wordpress\/index.php\/evakuatioun-a-frankraich\/\" data-type=\"page\" data-id=\"317\">Evakuatioun a Frankr\u00e4ich,&nbsp;Mee \u2013 August 1940 <\/a><\/u><\/span><\/li>\n<\/ul>\n<p><span style=\"color: #993300;\"><em><span style=\"color: #000080;\">(<u style=\"font-size: 18px;\"><a href=\"https:\/\/unioun.lu\/resources\/Flyer_2.pdf\">voir \u00e9galement le d\u00e9pliant&nbsp;de ces 2 livres<\/a>)<\/u><\/span><\/em><\/span><\/p>\n<ul style=\"font-size: 18px;\">\n<li><b>Marc TROSSEN&nbsp;<\/b><span style=\"font-family: Roboto, sans-serif; font-size: 18px; font-style: normal; font-variant-caps: normal;\">(2018)<\/span><b>&nbsp;<\/b>:&nbsp;<span style=\"color: #993300;\"><a style=\"color: #993300;\" href=\"https:\/\/unioun.lu\/wordpress\/wp-content\/uploads\/2022\/12\/TROSSEN_Flyer-3-4.pdf\" target=\"_blank\" rel=\"noreferrer noopener\"><u>Verluere Joeren, Band III-IV<\/u><\/a><\/span><\/li>\n<\/ul>\n<ul style=\"font-size: 18px;\">\n<li><b>Marc TROSSEN&nbsp;<\/b><span style=\"font-family: Roboto, sans-serif; font-size: 18px; font-style: normal; font-variant-caps: normal;\">(2015)&nbsp;<\/span>:&nbsp;<span style=\"color: #993300;\"><a style=\"color: #993300;\" href=\"https:\/\/unioun.lu\/resources\/TROSSEN_Flyer-1-2.pdf\" target=\"_blank\" rel=\"noreferrer noopener\"><u>Verluere Joeren, Band I-II<\/u><\/a><\/span><\/li>\n<\/ul>\n<ul style=\"font-size: 18px;\">\n<li><b>Marc TROSSEN<\/b> :&nbsp;<span style=\"color: #993300;\"><a style=\"color: #993300;\" href=\"https:\/\/unioun.lu\/resources\/Peenemu%CC%88nde.pdf\"><u>Peenem\u00fcnde<\/u><\/a><\/span>&nbsp;(article paru dans le&nbsp;<em>Journal<\/em>)<\/li>\n<\/ul>\n<p><em><!-- \/wp:list --><!-- wp:separator --><\/em><\/p>\n<hr>\n<p><em><!-- \/wp:separator --><!-- wp:media-text --><\/em><\/p>\n<div>\n<figure><\/figure>\n<div>\n<p><em><!-- wp:paragraph {\"placeholder\":\"Content\u2026\",\"fontSize\":\"medium\"} --><\/em><\/p>\n<p><\/p>\n<p><!-- \/wp:paragraph --><\/p>\n<\/div>\n<\/div>\n<p><!-- \/wp:media-text --><\/p>\t\t\t\t\t\t\t\t<\/div>\n\t\t\t\t<\/div>\n\t\t\t\t\t<\/div>\n\t\t<\/div>\n\t\t\t\t\t<\/div>\n\t\t<\/section>\n\t\t\t\t<\/div>\n\t\t","protected":false},"excerpt":{"rendered":"<p>DERNI\u00c8RES PARUTIONS Pour savoir plus, cliquer sur les titres ! Marc Trossen (2025) : Contribution \u00e0 l\u2019histoire de l\u2019Union des Mouvements de R\u00e9sistance Luxembourgeois (UNIO&#8217;N) de 1940 \u00e0 1949 Marc Trossen\/Claude Vandivinit (2024) : D&#8217;Schraasseger Lager 1941-1947 Trailer &#8222;Operatioun Pauly&#8220; Marc Trossen (2024): Une Luxembourgeoise de France sauva 94 Juifs Fabien Flies (2022): Unio&#8217;n vun [&hellip;]<\/p>\n","protected":false},"author":1,"featured_media":0,"parent":0,"menu_order":0,"comment_status":"closed","ping_status":"closed","template":"","meta":{"ocean_post_layout":"","ocean_both_sidebars_style":"","ocean_both_sidebars_content_width":0,"ocean_both_sidebars_sidebars_width":0,"ocean_sidebar":"0","ocean_second_sidebar":"0","ocean_disable_margins":"enable","ocean_add_body_class":"","ocean_shortcode_before_top_bar":"","ocean_shortcode_after_top_bar":"","ocean_shortcode_before_header":"","ocean_shortcode_after_header":"","ocean_has_shortcode":"","ocean_shortcode_after_title":"","ocean_shortcode_before_footer_widgets":"","ocean_shortcode_after_footer_widgets":"","ocean_shortcode_before_footer_bottom":"","ocean_shortcode_after_footer_bottom":"","ocean_display_top_bar":"default","ocean_display_header":"default","ocean_header_style":"","ocean_center_header_left_menu":"0","ocean_custom_header_template":"0","ocean_custom_logo":0,"ocean_custom_retina_logo":0,"ocean_custom_logo_max_width":0,"ocean_custom_logo_tablet_max_width":0,"ocean_custom_logo_mobile_max_width":0,"ocean_custom_logo_max_height":0,"ocean_custom_logo_tablet_max_height":0,"ocean_custom_logo_mobile_max_height":0,"ocean_header_custom_menu":"0","ocean_menu_typo_font_family":"0","ocean_menu_typo_font_subset":"","ocean_menu_typo_font_size":0,"ocean_menu_typo_font_size_tablet":0,"ocean_menu_typo_font_size_mobile":0,"ocean_menu_typo_font_size_unit":"px","ocean_menu_typo_font_weight":"","ocean_menu_typo_font_weight_tablet":"","ocean_menu_typo_font_weight_mobile":"","ocean_menu_typo_transform":"","ocean_menu_typo_transform_tablet":"","ocean_menu_typo_transform_mobile":"","ocean_menu_typo_line_height":0,"ocean_menu_typo_line_height_tablet":0,"ocean_menu_typo_line_height_mobile":0,"ocean_menu_typo_line_height_unit":"","ocean_menu_typo_spacing":0,"ocean_menu_typo_spacing_tablet":0,"ocean_menu_typo_spacing_mobile":0,"ocean_menu_typo_spacing_unit":"","ocean_menu_link_color":"","ocean_menu_link_color_hover":"","ocean_menu_link_color_active":"","ocean_menu_link_background":"","ocean_menu_link_hover_background":"","ocean_menu_link_active_background":"","ocean_menu_social_links_bg":"","ocean_menu_social_hover_links_bg":"","ocean_menu_social_links_color":"","ocean_menu_social_hover_links_color":"","ocean_disable_title":"default","ocean_disable_heading":"default","ocean_post_title":"","ocean_post_subheading":"","ocean_post_title_style":"","ocean_post_title_background_color":"","ocean_post_title_background":0,"ocean_post_title_bg_image_position":"","ocean_post_title_bg_image_attachment":"","ocean_post_title_bg_image_repeat":"","ocean_post_title_bg_image_size":"","ocean_post_title_height":0,"ocean_post_title_bg_overlay":0.5,"ocean_post_title_bg_overlay_color":"","ocean_disable_breadcrumbs":"default","ocean_breadcrumbs_color":"","ocean_breadcrumbs_separator_color":"","ocean_breadcrumbs_links_color":"","ocean_breadcrumbs_links_hover_color":"","ocean_display_footer_widgets":"default","ocean_display_footer_bottom":"default","ocean_custom_footer_template":"0","footnotes":""},"class_list":["post-12","page","type-page","status-publish","hentry","entry"],"jetpack_sharing_enabled":true,"_links":{"self":[{"href":"https:\/\/unioun.lu\/wordpress\/index.php\/wp-json\/wp\/v2\/pages\/12","targetHints":{"allow":["GET"]}}],"collection":[{"href":"https:\/\/unioun.lu\/wordpress\/index.php\/wp-json\/wp\/v2\/pages"}],"about":[{"href":"https:\/\/unioun.lu\/wordpress\/index.php\/wp-json\/wp\/v2\/types\/page"}],"author":[{"embeddable":true,"href":"https:\/\/unioun.lu\/wordpress\/index.php\/wp-json\/wp\/v2\/users\/1"}],"replies":[{"embeddable":true,"href":"https:\/\/unioun.lu\/wordpress\/index.php\/wp-json\/wp\/v2\/comments?post=12"}],"version-history":[{"count":151,"href":"https:\/\/unioun.lu\/wordpress\/index.php\/wp-json\/wp\/v2\/pages\/12\/revisions"}],"predecessor-version":[{"id":2039,"href":"https:\/\/unioun.lu\/wordpress\/index.php\/wp-json\/wp\/v2\/pages\/12\/revisions\/2039"}],"wp:attachment":[{"href":"https:\/\/unioun.lu\/wordpress\/index.php\/wp-json\/wp\/v2\/media?parent=12"}],"curies":[{"name":"wp","href":"https:\/\/api.w.org\/{rel}","templated":true}]}}